{"id":2081,"date":"2016-09-29T05:30:57","date_gmt":"2016-09-29T05:30:57","guid":{"rendered":"http:\/\/37.61.204.67\/?page_id=2081"},"modified":"2024-09-20T15:04:29","modified_gmt":"2024-09-20T15:04:29","slug":"impressum","status":"publish","type":"page","link":"https:\/\/www.deutsche-grosswaelzlager.de\/de\/impressum\/","title":{"rendered":"Impressum"},"content":{"rendered":"<div>\n<h1>Impressum<\/h1>\n<p><strong><span class=\"caps\">DGWL<\/span> Deutsche Gro\u00dfw\u00e4lz\u00adlager&nbsp;GmbH<\/strong><br>\nMarieneher Stra\u00dfe 17<br>\n18069 Rostock<\/p>\n<p>E\u2011Mail:&nbsp;<a href=\"mailto:info@dgwl.de\">info@dgwl.de<\/a><\/p>\n<p><img loading=\"lazy\" decoding=\"async\" class=\"alignright wp-image-4531 size-medium\" src=\"https:\/\/www.deutsche-grosswaelzlager.de\/wp-content\/uploads\/2023\/05\/Member_of_7klein-300x122.png\" alt width=\"300\" height=\"122\" srcset=\"https:\/\/www.deutsche-grosswaelzlager.de\/wp-content\/uploads\/2023\/05\/Member_of_7klein-300x122.png 300w, https:\/\/www.deutsche-grosswaelzlager.de\/wp-content\/uploads\/2023\/05\/Member_of_7klein-768x313.png 768w, https:\/\/www.deutsche-grosswaelzlager.de\/wp-content\/uploads\/2023\/05\/Member_of_7klein.png 890w\" sizes=\"auto, (max-width: 300px) 100vw, 300px\"><\/p>\n<p>Vertreten durch:<br>\nGesch\u00e4fts\u00adf\u00fchrer Andreas Wiedenh\u00f6ft<\/p>\n<p>Regis\u00adter\u00adeintrag:<br>\nEinge\u00adtragen im Handelsregister.<br>\nRegis\u00adter\u00adge\u00adricht: Rostock<br>\nRegis\u00adter\u00adnummer: <span class=\"caps\">HRB<\/span>&nbsp;16174<\/p>\n<\/div>\n<div>\n<div><\/div>\n<\/div>\n<div>\n<p><strong>Disclaimer \u2013 recht\u00adliche Hinweise<\/strong><\/p>\n<p><strong>\u00a7 1 Haftungsbeschr\u00e4nkung<\/strong><br>\nDie Inhalte dieser Website werden mit gr\u00f6\u00dft\u00adm\u00f6g\u00adlicher Sorgfalt erstellt. Der Anbieter \u00fcbernimmt jedoch keine Gew\u00e4hr f\u00fcr die Richtigkeit, Vollst\u00e4n\u00addigkeit und Aktua\u00adlit\u00e4t der bereit\u00adge\u00adstellten Inhalte. Die Nutzung der Inhalte der Website erfolgt auf eigene Gefahr des Nutzers. Namentlich gekenn\u00adzeichnete Beitr\u00e4ge geben die Meinung des jewei\u00adligen Autors und nicht immer die Meinung des Anbieters wieder. Mit der reinen Nutzung der Website des Anbieters kommt keinerlei Vertrags\u00adver\u00adh\u00e4ltnis zwischen dem Nutzer und dem Anbieter zustande.<\/p>\n<p><strong>\u00a7 2 Externe Links<\/strong><br>\nDiese Website enth\u00e4lt Verkn\u00fcp\u00adfungen zu Websites Dritter (\u201eexterne Links\u201c). Diese Websites unter\u00adliegen der Haftung der jewei\u00adligen Betreiber. Der Anbieter hat bei der erstma\u00adligen Verkn\u00fcpfung der externen Links die fremden Inhalte daraufhin \u00fcberpr\u00fcft, ob etwaige Rechts\u00adver\u00adst\u00f6\u00dfe bestehen. Zu dem Zeitpunkt waren keine Rechts\u00adver\u00adst\u00f6\u00dfe ersichtlich. Der Anbieter hat keinerlei Einfluss auf die aktuelle und zuk\u00fcnftige Gestaltung und auf die Inhalte der verkn\u00fcpften Seiten. Das Setzen von externen Links bedeutet nicht, dass sich der Anbieter die hinter dem Verweis oder Link liegenden Inhalte zu Eigen macht. Eine st\u00e4ndige Kontrolle der externen Links ist f\u00fcr den Anbieter ohne konkrete Hinweise auf Rechts\u00adver\u00adst\u00f6\u00dfe nicht zumutbar. Bei Kenntnis von Rechts\u00adver\u00adst\u00f6\u00dfen werden jedoch derartige externe Links unver\u00adz\u00fcglich gel\u00f6scht.<\/p>\n<p><strong>\u00a7 3 Urheber- und Leistungsschutzrechte<\/strong><br>\nDie auf dieser Website ver\u00f6f\u00adfent\u00adlichten Inhalte unter\u00adliegen dem deutschen Urheber- und Leistungs\u00adschutz\u00adrecht. Jede vom deutschen Urheber- und Leistungs\u00adschutz\u00adrecht nicht zugelassene Verwertung bedarf der vorhe\u00adrigen schrift\u00adlichen Zustimmung des Anbieters oder jewei\u00adligen Rechte\u00adinhabers. Dies gilt insbe\u00adsondere f\u00fcr Verviel\u00adf\u00e4l\u00adtigung, Bearbeitung, \u00dcbersetzung, Einspei\u00adcherung, Verar\u00adbeitung bzw. Wiedergabe von Inhalten in Daten\u00adbanken oder anderen elektro\u00adni\u00adschen Medien und Systemen. Inhalte und Rechte Dritter sind dabei als solche gekenn\u00adzeichnet. Die unerlaubte Verviel\u00adf\u00e4l\u00adtigung oder Weitergabe einzelner Inhalte oder kompletter Seiten ist nicht gestattet und strafbar. Lediglich die Herstellung von Kopien und Downloads f\u00fcr den pers\u00f6n\u00adlichen, privaten und nicht kommer\u00adzi\u00adellen Gebrauch ist erlaubt.<\/p>\n<p>Die Darstellung dieser Website in fremden Frames ist nur mit schrift\u00adlicher Erlaubnis zul\u00e4ssig.<\/p>\n<p><strong>\u00a7 4 Besondere Nutzungsbedingungen<\/strong><br>\nSoweit besondere Bedin\u00adgungen f\u00fcr einzelne Nutzungen dieser Website von den vorge\u00adnannten Paragraphen abweichen, wird an entspre\u00adchender Stelle ausdr\u00fccklich darauf hinge\u00adwiesen. In diesem Falle gelten im jewei\u00adligen Einzelfall die beson\u00adderen Nutzungsbedingungen.<\/p>\n<\/div>\n<div>\n<div><\/div>\n<\/div>\n<div><\/div>\n<div><\/div>\n<div><\/div>\n<div><\/div>\n<div>\n<h2>Daten\u00adschutz\u00ader\u00adkl\u00e4rung:<\/h2>\n<p><strong>Daten\u00adschutz<\/strong><br>\nNachfolgend m\u00f6chten wir Sie \u00fcber unsere Daten\u00adschutz\u00ader\u00adkl\u00e4rung infor\u00admieren. Sie finden hier Infor\u00adma\u00adtionen \u00fcber die Erhebung und Verwendung pers\u00f6n\u00adlicher Daten bei der Nutzung unserer Webseite. Wir beachten dabei das f\u00fcr Deutschland geltende Daten\u00adschutz\u00adrecht. Sie k\u00f6nnen diese Erkl\u00e4rung jederzeit auf unserer Webseite abrufen.<\/p>\n<p>Wir weisen ausdr\u00fccklich darauf hin, dass die Daten\u00ad\u00fcber\u00adtragung im Internet (z.B. bei der Kommu\u00adni\u00adkation per E\u2011Mail) Sicher\u00adheits\u00adl\u00fccken aufweisen und nicht l\u00fcckenlos vor dem Zugriff durch Dritte gesch\u00fctzt werden kann.<\/p>\n<p>Die Verwendung der Kontakt\u00addaten unseres Impressums zur gewerb\u00adlichen Werbung ist ausdr\u00fccklich nicht erw\u00fcnscht, es sei denn wir hatten zuvor unsere schrift\u00adliche Einwil\u00adligung erteilt oder es besteht bereits eine Gesch\u00e4fts\u00adbe\u00adziehung. Der Anbieter und alle auf dieser Website genannten Personen wider\u00adsprechen hiermit jeder kommer\u00adzi\u00adellen Verwendung und Weitergabe ihrer&nbsp;Daten.<\/p>\n<p><strong>Perso\u00adnen\u00adbe\u00adzogene Daten&nbsp;<\/strong><br>\nSie k\u00f6nnen unsere Webseite ohne Angabe perso\u00adnen\u00adbe\u00adzo\u00adgener Daten besuchen. Soweit auf unseren Seiten perso\u00adnen\u00adbe\u00adzogene Daten (wie Name, Anschrift oder E\u2011Mail Adresse) erhoben werden, erfolgt dies, soweit m\u00f6glich, auf freiwil\u00adliger Basis. Diese Daten werden ohne Ihre ausdr\u00fcck\u00adliche Zustimmung nicht an Dritte weiter\u00adge\u00adgeben. Sofern zwischen Ihnen und uns ein Vertrags\u00adver\u00adh\u00e4ltnis begr\u00fcndet, inhaltlich ausge\u00adstaltet oder ge\u00e4ndert werden soll oder Sie an uns eine Anfrage stellen, erheben und verwenden wir perso\u00adnen\u00adbe\u00adzogene Daten von Ihnen, soweit dies zu diesen Zwecken erfor\u00adderlich ist (Bestands\u00addaten). Wir erheben, verar\u00adbeiten und nutzen perso\u00adnen\u00adbe\u00adzogene Daten soweit dies erfor\u00adderlich ist, um Ihnen die Inanspruch\u00adnahme des Weban\u00adgebots zu erm\u00f6g\u00adlichen (Nutzungs\u00addaten). S\u00e4mtliche perso\u00adnen\u00adbe\u00adzo\u00adgenen Daten werden nur solange gespei\u00adchert wie dies f\u00fcr den geannten Zweck (Bearbeitung Ihrer Anfrage oder Abwicklung eines Vertrags) erfor\u00adderlich ist. Hierbei werden steuer- und handels\u00adrecht\u00adliche Aufbe\u00adwah\u00adrungs\u00adfristen ber\u00fcck\u00adsichtigt. Auf Anordnung der zust\u00e4n\u00addigen Stellen d\u00fcrfen wir im Einzelfall Auskunft \u00fcber diese Daten (Bestands\u00addaten) erteilen, soweit dies f\u00fcr Zwecke der Straf\u00adver\u00adfolgung, zur Gefah\u00adren\u00adabwehr, zur Erf\u00fcllung der gesetz\u00adlichen Aufgaben der Verfas\u00adsungs\u00adschutz\u00adbe\u00adh\u00f6rden oder des Milit\u00e4\u00adri\u00adschen Abschirm\u00addienstes oder zur Durch\u00adsetzung der Rechte am geistigen Eigentum erfor\u00adderlich ist.<\/p>\n<p><strong>Auskunfts\u00adrecht<\/strong><br>\nSie haben das jeder\u00adzeitige Recht, sich unent\u00adgeltlich und unver\u00adz\u00fcglich \u00fcber die zu Ihrer Person erhobenen Daten zu erkun\u00addigen. Sie haben das jeder\u00adzeitige Recht, Ihre Zustimmung zur Verwendung Ihrer angegeben pers\u00f6n\u00adlichen Daten mit Wirkung f\u00fcr die Zukunft zu wider\u00adrufen. Zur Auskunfts\u00ader\u00adteilung wenden Sie sich bitte an den Anbieter unter den Kontakt\u00addaten im Impressum.<\/p>\n<p><strong>Google Analytics<\/strong><\/p>\n<p>Diese Website benutzt Google Analytics, einen Webana\u00adly\u00adse\u00addienst der Google Inc. (\u201eGoogle\u201c). Google Analytics verwendet sog. \u201eCookies\u201c, Textda\u00adteien, die auf Ihrem Computer gespei\u00adchert werden und die eine Analyse der Benutzung der Website durch Sie erm\u00f6g\u00adlichen. Die durch das Cookie erzeugten Infor\u00adma\u00adtionen \u00fcber Ihre Benutzung dieser Website werden in der Regel an einen Server von Google in den <span class=\"caps\">USA<\/span> \u00fcbertragen und dort gespei\u00adchert. Im Falle der Aktivierung der IP-Anony\u00admi\u00adsierung auf dieser Website, wird Ihre IP-Adresse von Google jedoch innerhalb von Mitglied\u00adstaaten der Europ\u00e4i\u00adschen Union oder in anderen Vertrags\u00adstaaten des Abkommens \u00fcber den Europ\u00e4i\u00adschen Wirtschaftsraum zuvor gek\u00fcrzt. Nur in Ausnah\u00adme\u00adf\u00e4llen wird die volle IP-Adresse an einen Server von Google in den <span class=\"caps\">USA<\/span> \u00fcbertragen und dort gek\u00fcrzt. Im Auftrag des Betreibers dieser Website wird Google diese Infor\u00adma\u00adtionen benutzen, um Ihre Nutzung der Website auszu\u00adwerten, um Reports \u00fcber die Website\u00adak\u00adti\u00advi\u00adt\u00e4ten zusam\u00admen\u00adzu\u00adstellen und um weitere mit der Website\u00adnutzung und der Inter\u00adnet\u00adnutzung verbundene Dienst\u00adleis\u00adtungen gegen\u00fcber dem Website\u00adbe\u00adtreiber zu erbringen. Die im Rahmen von Google Analytics von Ihrem Browser \u00fcbermit\u00adtelte IP-Adresse wird nicht mit anderen Daten von Google zusam\u00admen\u00adge\u00adf\u00fchrt. Sie k\u00f6nnen die Speicherung der Cookies durch eine entspre\u00adchende Einstellung Ihrer Browser-Software verhindern; wir weisen Sie jedoch darauf hin, dass Sie in diesem Fall gegebe\u00adnen\u00adfalls nicht s\u00e4mtliche Funktionen dieser Website vollum\u00adf\u00e4nglich werden nutzen k\u00f6nnen. Sie k\u00f6nnen dar\u00fcber hinaus die Erfassung der durch das Cookie erzeugten und auf Ihre Nutzung der Website bezogenen Daten (inkl. Ihrer IP-Adresse) an Google sowie die Verar\u00adbeitung dieser Daten durch Google verhindern, indem Sie das unter dem folgenden Link (<a href=\"http:\/\/tools.google.com\/dlpage\/gaoptout?hl=de\" target=\"_blank\" rel=\"noopener\">http:\/\/tools.google.com\/dlpage\/gaoptout?hl=de<\/a>) verf\u00fcgbare Browser-Plugin herun\u00adter\u00adladen und installieren.<\/p>\n<\/div>\n<div><\/div>\n","protected":false},"excerpt":{"rendered":"<p>Impressum <span class=\"caps\">DGWL<\/span> Deutsche Gro\u00dfw\u00e4lz\u00adlager&nbsp;GmbH Marieneher Stra\u00dfe 17 18069 Rostock E\u2011Mail:&nbsp;info@dgwl.de Vertreten durch: Gesch\u00e4fts\u00adf\u00fchrer Andreas Wiedenh\u00f6ft Regis\u00adter\u00adeintrag: Einge\u00adtragen im Handels\u00adre\u00adgister. Regis\u00adter\u00adge\u00adricht: Rostock Regis\u00adter\u00adnummer: <span class=\"caps\">HRB<\/span>&nbsp;16174 Disclaimer \u2013 recht\u00adliche Hinweise \u00a7 1 Haftungs\u00adbe\u00adschr\u00e4nkung Die Inhalte dieser Website werden mit gr\u00f6\u00dft\u00adm\u00f6g\u00adlicher Sorgfalt erstellt. Der Anbieter \u00fcbernimmt jedoch keine Gew\u00e4hr f\u00fcr die Richtigkeit, Vollst\u00e4n\u00addigkeit und Aktua\u00adlit\u00e4t der bereit\u00adge\u00adstellten Inhalte. Die&nbsp;[\u2026]<\/p>\n","protected":false},"author":1,"featured_media":0,"parent":0,"menu_order":36,"comment_status":"closed","ping_status":"closed","template":"","meta":{"wp_typography_post_enhancements_disabled":false,"footnotes":""},"class_list":["post-2081","page","type-page","status-publish","hentry","no-thumb"],"yoast_head":"<!-- This site is optimized with the Yoast SEO plugin v27.2 - https:\/\/yoast.com\/product\/yoast-seo-wordpress\/ -->\n<title>Impressum<\/title>\n<meta name=\"robots\" content=\"index, follow, max-snippet:-1, max-image-preview:large, max-video-preview:-1\" \/>\n<link rel=\"canonical\" href=\"https:\/\/www.deutsche-grosswaelzlager.de\/de\/impressum\/\" \/>\n<meta property=\"og:locale\" content=\"de_DE\" \/>\n<meta property=\"og:locale:alternate\" content=\"en_US\" \/>\n<meta property=\"og:locale:alternate\" content=\"ru_RU\" \/>\n<meta property=\"og:type\" content=\"article\" \/>\n<meta property=\"og:title\" content=\"Impressum\" \/>\n<meta property=\"og:description\" content=\"Impressum DGWL Deutsche Gro\u00dfw\u00e4lz\u00adlager&nbsp;GmbH Marieneher Stra\u00dfe 17 18069 Rostock E\u2011Mail:&nbsp;info@dgwl.de Vertreten durch: Gesch\u00e4fts\u00adf\u00fchrer Andreas Wiedenh\u00f6ft Regis\u00adter\u00adeintrag: Einge\u00adtragen im Handelsregister. Regis\u00adter\u00adge\u00adricht: Rostock Regis\u00adter\u00adnummer: HRB&nbsp;16174 Disclaimer \u2013 recht\u00adliche Hinweise \u00a7 1 Haftungsbeschr\u00e4nkung Die Inhalte dieser Website werden mit gr\u00f6\u00dft\u00adm\u00f6g\u00adlicher Sorgfalt erstellt. Der Anbieter \u00fcbernimmt jedoch keine Gew\u00e4hr f\u00fcr die Richtigkeit, Vollst\u00e4n\u00addigkeit und Aktua\u00adlit\u00e4t der bereit\u00adge\u00adstellten Inhalte. Die [&hellip;]\" \/>\n<meta property=\"og:url\" content=\"https:\/\/www.deutsche-grosswaelzlager.de\/de\/impressum\/\" \/>\n<meta property=\"og:site_name\" content=\"DGWL\" \/>\n<meta property=\"article:modified_time\" content=\"2024-09-20T15:04:29+00:00\" \/>\n<meta property=\"og:image\" content=\"https:\/\/www.deutsche-grosswaelzlager.de\/wp-content\/uploads\/2023\/05\/Member_of_7klein-300x122.png\" \/>\n<meta name=\"twitter:card\" content=\"summary_large_image\" \/>\n<meta name=\"twitter:label1\" content=\"Gesch\u00e4tzte Lesezeit\" \/>\n\t<meta name=\"twitter:data1\" content=\"1\u00a0Minute\" \/>\n<script type=\"application\/ld+json\" class=\"yoast-schema-graph\">{\"@context\":\"https:\/\/schema.org\",\"@graph\":[{\"@type\":\"WebPage\",\"@id\":\"https:\/\/www.deutsche-grosswaelzlager.de\/ru\/impressum\/\",\"url\":\"https:\/\/www.deutsche-grosswaelzlager.de\/ru\/impressum\/\",\"name\":\"Impressum\",\"isPartOf\":{\"@id\":\"https:\/\/www.deutsche-grosswaelzlager.de\/de\/#website\"},\"primaryImageOfPage\":{\"@id\":\"https:\/\/www.deutsche-grosswaelzlager.de\/ru\/impressum\/#primaryimage\"},\"image\":{\"@id\":\"https:\/\/www.deutsche-grosswaelzlager.de\/ru\/impressum\/#primaryimage\"},\"thumbnailUrl\":\"https:\/\/www.deutsche-grosswaelzlager.de\/wp-content\/uploads\/2023\/05\/Member_of_7klein-300x122.png\",\"datePublished\":\"2016-09-29T05:30:57+00:00\",\"dateModified\":\"2024-09-20T15:04:29+00:00\",\"breadcrumb\":{\"@id\":\"https:\/\/www.deutsche-grosswaelzlager.de\/ru\/impressum\/#breadcrumb\"},\"inLanguage\":\"de-DE\",\"potentialAction\":[{\"@type\":\"ReadAction\",\"target\":[\"https:\/\/www.deutsche-grosswaelzlager.de\/ru\/impressum\/\"]}]},{\"@type\":\"ImageObject\",\"inLanguage\":\"de-DE\",\"@id\":\"https:\/\/www.deutsche-grosswaelzlager.de\/ru\/impressum\/#primaryimage\",\"url\":\"https:\/\/www.deutsche-grosswaelzlager.de\/wp-content\/uploads\/2023\/05\/Member_of_7klein-300x122.png\",\"contentUrl\":\"https:\/\/www.deutsche-grosswaelzlager.de\/wp-content\/uploads\/2023\/05\/Member_of_7klein-300x122.png\"},{\"@type\":\"BreadcrumbList\",\"@id\":\"https:\/\/www.deutsche-grosswaelzlager.de\/ru\/impressum\/#breadcrumb\",\"itemListElement\":[{\"@type\":\"ListItem\",\"position\":1,\"name\":\"Startseite\",\"item\":\"https:\/\/www.deutsche-grosswaelzlager.de\/de\/\"},{\"@type\":\"ListItem\",\"position\":2,\"name\":\"\u0420\u0435\u043a\u0432\u0438\u0437\u0438\u0442\u044b\"}]},{\"@type\":\"WebSite\",\"@id\":\"https:\/\/www.deutsche-grosswaelzlager.de\/de\/#website\",\"url\":\"https:\/\/www.deutsche-grosswaelzlager.de\/de\/\",\"name\":\"DGWL\",\"description\":\"WIR HABEN DEN DREH &#039;RAUS!\",\"publisher\":{\"@id\":\"https:\/\/www.deutsche-grosswaelzlager.de\/de\/#organization\"},\"potentialAction\":[{\"@type\":\"SearchAction\",\"target\":{\"@type\":\"EntryPoint\",\"urlTemplate\":\"https:\/\/www.deutsche-grosswaelzlager.de\/de\/?s={search_term_string}\"},\"query-input\":{\"@type\":\"PropertyValueSpecification\",\"valueRequired\":true,\"valueName\":\"search_term_string\"}}],\"inLanguage\":\"de-DE\"},{\"@type\":\"Organization\",\"@id\":\"https:\/\/www.deutsche-grosswaelzlager.de\/de\/#organization\",\"name\":\"Deutsche Gro\u00dfw\u00e4lzlager GmbH\",\"url\":\"https:\/\/www.deutsche-grosswaelzlager.de\/de\/\",\"logo\":{\"@type\":\"ImageObject\",\"inLanguage\":\"de-DE\",\"@id\":\"https:\/\/www.deutsche-grosswaelzlager.de\/de\/#\/schema\/logo\/image\/\",\"url\":\"https:\/\/www.deutsche-grosswaelzlager.de\/wp-content\/uploads\/2018\/01\/LOGO-DGW-0414-transparent.png\",\"contentUrl\":\"https:\/\/www.deutsche-grosswaelzlager.de\/wp-content\/uploads\/2018\/01\/LOGO-DGW-0414-transparent.png\",\"width\":200,\"height\":69,\"caption\":\"Deutsche Gro\u00dfw\u00e4lzlager GmbH\"},\"image\":{\"@id\":\"https:\/\/www.deutsche-grosswaelzlager.de\/de\/#\/schema\/logo\/image\/\"}}]}<\/script>\n<!-- \/ Yoast SEO plugin. -->","yoast_head_json":{"title":"Impressum","robots":{"index":"index","follow":"follow","max-snippet":"max-snippet:-1","max-image-preview":"max-image-preview:large","max-video-preview":"max-video-preview:-1"},"canonical":"https:\/\/www.deutsche-grosswaelzlager.de\/de\/impressum\/","og_locale":"de_DE","og_type":"article","og_title":"[:de]Impressum[:en]Legal Disclosure[:ru]\u0420\u0435\u043a\u0432\u0438\u0437\u0438\u0442\u044b[:] - DGWL","og_description":"Impressum DGWL Deutsche Gro\u00dfw\u00e4lz\u00adlager&nbsp;GmbH Marieneher Stra\u00dfe 17 18069 Rostock E\u2011Mail:&nbsp;info@dgwl.de Vertreten durch: Gesch\u00e4fts\u00adf\u00fchrer Andreas Wiedenh\u00f6ft Regis\u00adter\u00adeintrag: Einge\u00adtragen im Handelsregister. Regis\u00adter\u00adge\u00adricht: Rostock Regis\u00adter\u00adnummer: HRB&nbsp;16174 Disclaimer \u2013 recht\u00adliche Hinweise \u00a7 1 Haftungsbeschr\u00e4nkung Die Inhalte dieser Website werden mit gr\u00f6\u00dft\u00adm\u00f6g\u00adlicher Sorgfalt erstellt. Der Anbieter \u00fcbernimmt jedoch keine Gew\u00e4hr f\u00fcr die Richtigkeit, Vollst\u00e4n\u00addigkeit und Aktua\u00adlit\u00e4t der bereit\u00adge\u00adstellten Inhalte. Die [&hellip;]","og_url":"https:\/\/www.deutsche-grosswaelzlager.de\/de\/impressum\/","og_site_name":"DGWL","article_modified_time":"2024-09-20T15:04:29+00:00","og_image":[{"url":"https:\/\/www.deutsche-grosswaelzlager.de\/wp-content\/uploads\/2023\/05\/Member_of_7klein-300x122.png","type":"","width":"","height":""}],"twitter_card":"summary_large_image","twitter_misc":{"Gesch\u00e4tzte Lesezeit":"1\u00a0Minute"},"schema":{"@context":"https:\/\/schema.org","@graph":[{"@type":"WebPage","@id":"https:\/\/www.deutsche-grosswaelzlager.de\/ru\/impressum\/","url":"https:\/\/www.deutsche-grosswaelzlager.de\/ru\/impressum\/","name":"Impressum","isPartOf":{"@id":"https:\/\/www.deutsche-grosswaelzlager.de\/de\/#website"},"primaryImageOfPage":{"@id":"https:\/\/www.deutsche-grosswaelzlager.de\/ru\/impressum\/#primaryimage"},"image":{"@id":"https:\/\/www.deutsche-grosswaelzlager.de\/ru\/impressum\/#primaryimage"},"thumbnailUrl":"https:\/\/www.deutsche-grosswaelzlager.de\/wp-content\/uploads\/2023\/05\/Member_of_7klein-300x122.png","datePublished":"2016-09-29T05:30:57+00:00","dateModified":"2024-09-20T15:04:29+00:00","breadcrumb":{"@id":"https:\/\/www.deutsche-grosswaelzlager.de\/ru\/impressum\/#breadcrumb"},"inLanguage":"de-DE","potentialAction":[{"@type":"ReadAction","target":["https:\/\/www.deutsche-grosswaelzlager.de\/ru\/impressum\/"]}]},{"@type":"ImageObject","inLanguage":"de-DE","@id":"https:\/\/www.deutsche-grosswaelzlager.de\/ru\/impressum\/#primaryimage","url":"https:\/\/www.deutsche-grosswaelzlager.de\/wp-content\/uploads\/2023\/05\/Member_of_7klein-300x122.png","contentUrl":"https:\/\/www.deutsche-grosswaelzlager.de\/wp-content\/uploads\/2023\/05\/Member_of_7klein-300x122.png"},{"@type":"BreadcrumbList","@id":"https:\/\/www.deutsche-grosswaelzlager.de\/ru\/impressum\/#breadcrumb","itemListElement":[{"@type":"ListItem","position":1,"name":"Startseite","item":"https:\/\/www.deutsche-grosswaelzlager.de\/de\/"},{"@type":"ListItem","position":2,"name":"\u0420\u0435\u043a\u0432\u0438\u0437\u0438\u0442\u044b"}]},{"@type":"WebSite","@id":"https:\/\/www.deutsche-grosswaelzlager.de\/de\/#website","url":"https:\/\/www.deutsche-grosswaelzlager.de\/de\/","name":"DGWL","description":"WIR HABEN DEN DREH &#039;RAUS!","publisher":{"@id":"https:\/\/www.deutsche-grosswaelzlager.de\/de\/#organization"},"potentialAction":[{"@type":"SearchAction","target":{"@type":"EntryPoint","urlTemplate":"https:\/\/www.deutsche-grosswaelzlager.de\/de\/?s={search_term_string}"},"query-input":{"@type":"PropertyValueSpecification","valueRequired":true,"valueName":"search_term_string"}}],"inLanguage":"de-DE"},{"@type":"Organization","@id":"https:\/\/www.deutsche-grosswaelzlager.de\/de\/#organization","name":"Deutsche Gro\u00dfw\u00e4lzlager GmbH","url":"https:\/\/www.deutsche-grosswaelzlager.de\/de\/","logo":{"@type":"ImageObject","inLanguage":"de-DE","@id":"https:\/\/www.deutsche-grosswaelzlager.de\/de\/#\/schema\/logo\/image\/","url":"https:\/\/www.deutsche-grosswaelzlager.de\/wp-content\/uploads\/2018\/01\/LOGO-DGW-0414-transparent.png","contentUrl":"https:\/\/www.deutsche-grosswaelzlager.de\/wp-content\/uploads\/2018\/01\/LOGO-DGW-0414-transparent.png","width":200,"height":69,"caption":"Deutsche Gro\u00dfw\u00e4lzlager GmbH"},"image":{"@id":"https:\/\/www.deutsche-grosswaelzlager.de\/de\/#\/schema\/logo\/image\/"}}]}},"_links":{"self":[{"href":"https:\/\/www.deutsche-grosswaelzlager.de\/de\/wp-json\/wp\/v2\/pages\/2081","targetHints":{"allow":["GET"]}}],"collection":[{"href":"https:\/\/www.deutsche-grosswaelzlager.de\/de\/wp-json\/wp\/v2\/pages"}],"about":[{"href":"https:\/\/www.deutsche-grosswaelzlager.de\/de\/wp-json\/wp\/v2\/types\/page"}],"author":[{"embeddable":true,"href":"https:\/\/www.deutsche-grosswaelzlager.de\/de\/wp-json\/wp\/v2\/users\/1"}],"replies":[{"embeddable":true,"href":"https:\/\/www.deutsche-grosswaelzlager.de\/de\/wp-json\/wp\/v2\/comments?post=2081"}],"version-history":[{"count":28,"href":"https:\/\/www.deutsche-grosswaelzlager.de\/de\/wp-json\/wp\/v2\/pages\/2081\/revisions"}],"predecessor-version":[{"id":4580,"href":"https:\/\/www.deutsche-grosswaelzlager.de\/de\/wp-json\/wp\/v2\/pages\/2081\/revisions\/4580"}],"wp:attachment":[{"href":"https:\/\/www.deutsche-grosswaelzlager.de\/de\/wp-json\/wp\/v2\/media?parent=2081"}],"curies":[{"name":"wp","href":"https:\/\/api.w.org\/{rel}","templated":true}]}}