{"id":3831,"date":"2020-05-27T09:53:46","date_gmt":"2020-05-27T09:53:46","guid":{"rendered":"http:\/\/37.61.204.67\/?page_id=3831"},"modified":"2020-05-27T10:28:37","modified_gmt":"2020-05-27T10:28:37","slug":"home","status":"publish","type":"page","link":"https:\/\/www.deutsche-grosswaelzlager.de\/de\/home\/","title":{"rendered":"Home"},"content":{"rendered":"<p>Drehver\u00adbindung bis 6000 mm Innen\u00adver\u00adzahung <span class=\"amp\">&amp;<\/span> Aussen\u00adver\u00adzahnung Lohnh\u00e4rten <span class=\"amp\">&amp;<\/span> Lohnbe\u00adar\u00adbeitung Feld-Inspektion \/ Retrofit \/ Instand\u00adsetzung &nbsp; <span class=\"caps\">DGWL<\/span>&nbsp;\u2013 Ihr zuver\u00adl\u00e4s\u00adsiger Partner Als Hersteller von Rollen- und Drehver\u00adbin\u00addungen, Zahnkr\u00e4nzen und Lohnleis\u00adtungen bieten wir  <a href=\"https:\/\/www.deutsche-grosswaelzlager.de\/de\/home\/\" title=\"Read more on Home\" class=\"more-link\">read more<\/a><\/p>\n","protected":false},"excerpt":{"rendered":"<p>Drehver\u00adbindung bis 6000 mm Innen\u00adver\u00adzahung <span class=\"amp\">&amp;<\/span> Aussen\u00adver\u00adzahnung Lohnh\u00e4rten <span class=\"amp\">&amp;<\/span> Lohnbe\u00adar\u00adbeitung Feld-Inspektion \/ Retrofit \/ Instand\u00adsetzung &nbsp; <span class=\"caps\">DGWL<\/span>&nbsp;\u2013 Ihr zuver\u00adl\u00e4s\u00adsiger Partner Als Hersteller von Rollen- und Drehver\u00adbin\u00addungen, Zahnkr\u00e4nzen und Lohnleis\u00adtungen bieten wir read&nbsp;more<\/p>\n","protected":false},"author":1,"featured_media":0,"parent":0,"menu_order":2,"comment_status":"closed","ping_status":"closed","template":"","meta":{"wp_typography_post_enhancements_disabled":false,"footnotes":""},"class_list":["post-3831","page","type-page","status-publish","hentry","no-thumb"],"yoast_head":"<!-- This site is optimized with the Yoast SEO plugin v27.2 - https:\/\/yoast.com\/product\/yoast-seo-wordpress\/ -->\n<title>Gro\u00dfw\u00e4lzlager, Rollen- und Drehverbindungen | DGWL<\/title>\n<meta name=\"description\" content=\"Wir stellen hochwertige Gro\u00dfw\u00e4lzlager, Rollen- und Drehverbindungen in europ\u00e4ischer Topqualit\u00e4t in unserem Werk in Rostock her.\" \/>\n<meta name=\"robots\" content=\"index, follow, max-snippet:-1, max-image-preview:large, max-video-preview:-1\" \/>\n<link rel=\"canonical\" href=\"https:\/\/www.deutsche-grosswaelzlager.de\/de\/home\/\" \/>\n<meta property=\"og:locale\" content=\"de_DE\" \/>\n<meta property=\"og:locale:alternate\" content=\"en_US\" \/>\n<meta property=\"og:locale:alternate\" content=\"ru_RU\" \/>\n<meta property=\"og:type\" content=\"article\" \/>\n<meta property=\"og:title\" content=\"Gro\u00dfw\u00e4lzlager, Rollen- und Drehverbindungen | DGWL\" \/>\n<meta property=\"og:description\" content=\"Wir stellen hochwertige Gro\u00dfw\u00e4lzlager, Rollen- und Drehverbindungen in europ\u00e4ischer Topqualit\u00e4t in unserem Werk in Rostock her.\" \/>\n<meta property=\"og:url\" content=\"https:\/\/www.deutsche-grosswaelzlager.de\/de\/home\/\" \/>\n<meta property=\"og:site_name\" content=\"DGWL\" \/>\n<meta property=\"article:modified_time\" content=\"2020-05-27T10:28:37+00:00\" \/>\n<meta name=\"twitter:card\" content=\"summary_large_image\" \/>\n<meta name=\"twitter:label1\" content=\"Gesch\u00e4tzte Lesezeit\" \/>\n\t<meta name=\"twitter:data1\" content=\"27\u00a0Minuten\" \/>\n<script type=\"application\/ld+json\" class=\"yoast-schema-graph\">{\"@context\":\"https:\/\/schema.org\",\"@graph\":[{\"@type\":\"WebPage\",\"@id\":\"https:\/\/www.deutsche-grosswaelzlager.de\/de\/home\/\",\"url\":\"https:\/\/www.deutsche-grosswaelzlager.de\/de\/home\/\",\"name\":\"Gro\u00dfw\u00e4lzlager, Rollen- und Drehverbindungen | DGWL\",\"isPartOf\":{\"@id\":\"https:\/\/www.deutsche-grosswaelzlager.de\/de\/#website\"},\"datePublished\":\"2020-05-27T09:53:46+00:00\",\"dateModified\":\"2020-05-27T10:28:37+00:00\",\"description\":\"Wir stellen hochwertige Gro\u00dfw\u00e4lzlager, Rollen- und Drehverbindungen in europ\u00e4ischer Topqualit\u00e4t in unserem Werk in Rostock her.\",\"breadcrumb\":{\"@id\":\"https:\/\/www.deutsche-grosswaelzlager.de\/de\/home\/#breadcrumb\"},\"inLanguage\":\"de-DE\",\"potentialAction\":[{\"@type\":\"ReadAction\",\"target\":[\"https:\/\/www.deutsche-grosswaelzlager.de\/de\/home\/\"]}]},{\"@type\":\"BreadcrumbList\",\"@id\":\"https:\/\/www.deutsche-grosswaelzlager.de\/de\/home\/#breadcrumb\",\"itemListElement\":[{\"@type\":\"ListItem\",\"position\":1,\"name\":\"Startseite\",\"item\":\"https:\/\/www.deutsche-grosswaelzlager.de\/de\/\"},{\"@type\":\"ListItem\",\"position\":2,\"name\":\"Home\"}]},{\"@type\":\"WebSite\",\"@id\":\"https:\/\/www.deutsche-grosswaelzlager.de\/de\/#website\",\"url\":\"https:\/\/www.deutsche-grosswaelzlager.de\/de\/\",\"name\":\"DGWL\",\"description\":\"WIR HABEN DEN DREH &#039;RAUS!\",\"publisher\":{\"@id\":\"https:\/\/www.deutsche-grosswaelzlager.de\/de\/#organization\"},\"potentialAction\":[{\"@type\":\"SearchAction\",\"target\":{\"@type\":\"EntryPoint\",\"urlTemplate\":\"https:\/\/www.deutsche-grosswaelzlager.de\/de\/?s={search_term_string}\"},\"query-input\":{\"@type\":\"PropertyValueSpecification\",\"valueRequired\":true,\"valueName\":\"search_term_string\"}}],\"inLanguage\":\"de-DE\"},{\"@type\":\"Organization\",\"@id\":\"https:\/\/www.deutsche-grosswaelzlager.de\/de\/#organization\",\"name\":\"Deutsche Gro\u00dfw\u00e4lzlager GmbH\",\"url\":\"https:\/\/www.deutsche-grosswaelzlager.de\/de\/\",\"logo\":{\"@type\":\"ImageObject\",\"inLanguage\":\"de-DE\",\"@id\":\"https:\/\/www.deutsche-grosswaelzlager.de\/de\/#\/schema\/logo\/image\/\",\"url\":\"https:\/\/www.deutsche-grosswaelzlager.de\/wp-content\/uploads\/2018\/01\/LOGO-DGW-0414-transparent.png\",\"contentUrl\":\"https:\/\/www.deutsche-grosswaelzlager.de\/wp-content\/uploads\/2018\/01\/LOGO-DGW-0414-transparent.png\",\"width\":200,\"height\":69,\"caption\":\"Deutsche Gro\u00dfw\u00e4lzlager GmbH\"},\"image\":{\"@id\":\"https:\/\/www.deutsche-grosswaelzlager.de\/de\/#\/schema\/logo\/image\/\"}}]}<\/script>\n<!-- \/ Yoast SEO plugin. -->","yoast_head_json":{"title":"Gro\u00dfw\u00e4lzlager, Rollen- und Drehverbindungen | DGWL","description":"Wir stellen hochwertige Gro\u00dfw\u00e4lzlager, Rollen- und Drehverbindungen in europ\u00e4ischer Topqualit\u00e4t in unserem Werk in Rostock her.","robots":{"index":"index","follow":"follow","max-snippet":"max-snippet:-1","max-image-preview":"max-image-preview:large","max-video-preview":"max-video-preview:-1"},"canonical":"https:\/\/www.deutsche-grosswaelzlager.de\/de\/home\/","og_locale":"de_DE","og_type":"article","og_title":"Gro\u00dfw\u00e4lzlager, Rollen- und Drehverbindungen | DGWL","og_description":"Wir stellen hochwertige Gro\u00dfw\u00e4lzlager, Rollen- und Drehverbindungen in europ\u00e4ischer Topqualit\u00e4t in unserem Werk in Rostock her.","og_url":"https:\/\/www.deutsche-grosswaelzlager.de\/de\/home\/","og_site_name":"DGWL","article_modified_time":"2020-05-27T10:28:37+00:00","twitter_card":"summary_large_image","twitter_misc":{"Gesch\u00e4tzte Lesezeit":"27\u00a0Minuten"},"schema":{"@context":"https:\/\/schema.org","@graph":[{"@type":"WebPage","@id":"https:\/\/www.deutsche-grosswaelzlager.de\/de\/home\/","url":"https:\/\/www.deutsche-grosswaelzlager.de\/de\/home\/","name":"Gro\u00dfw\u00e4lzlager, Rollen- und Drehverbindungen | DGWL","isPartOf":{"@id":"https:\/\/www.deutsche-grosswaelzlager.de\/de\/#website"},"datePublished":"2020-05-27T09:53:46+00:00","dateModified":"2020-05-27T10:28:37+00:00","description":"Wir stellen hochwertige Gro\u00dfw\u00e4lzlager, Rollen- und Drehverbindungen in europ\u00e4ischer Topqualit\u00e4t in unserem Werk in Rostock her.","breadcrumb":{"@id":"https:\/\/www.deutsche-grosswaelzlager.de\/de\/home\/#breadcrumb"},"inLanguage":"de-DE","potentialAction":[{"@type":"ReadAction","target":["https:\/\/www.deutsche-grosswaelzlager.de\/de\/home\/"]}]},{"@type":"BreadcrumbList","@id":"https:\/\/www.deutsche-grosswaelzlager.de\/de\/home\/#breadcrumb","itemListElement":[{"@type":"ListItem","position":1,"name":"Startseite","item":"https:\/\/www.deutsche-grosswaelzlager.de\/de\/"},{"@type":"ListItem","position":2,"name":"Home"}]},{"@type":"WebSite","@id":"https:\/\/www.deutsche-grosswaelzlager.de\/de\/#website","url":"https:\/\/www.deutsche-grosswaelzlager.de\/de\/","name":"DGWL","description":"WIR HABEN DEN DREH &#039;RAUS!","publisher":{"@id":"https:\/\/www.deutsche-grosswaelzlager.de\/de\/#organization"},"potentialAction":[{"@type":"SearchAction","target":{"@type":"EntryPoint","urlTemplate":"https:\/\/www.deutsche-grosswaelzlager.de\/de\/?s={search_term_string}"},"query-input":{"@type":"PropertyValueSpecification","valueRequired":true,"valueName":"search_term_string"}}],"inLanguage":"de-DE"},{"@type":"Organization","@id":"https:\/\/www.deutsche-grosswaelzlager.de\/de\/#organization","name":"Deutsche Gro\u00dfw\u00e4lzlager GmbH","url":"https:\/\/www.deutsche-grosswaelzlager.de\/de\/","logo":{"@type":"ImageObject","inLanguage":"de-DE","@id":"https:\/\/www.deutsche-grosswaelzlager.de\/de\/#\/schema\/logo\/image\/","url":"https:\/\/www.deutsche-grosswaelzlager.de\/wp-content\/uploads\/2018\/01\/LOGO-DGW-0414-transparent.png","contentUrl":"https:\/\/www.deutsche-grosswaelzlager.de\/wp-content\/uploads\/2018\/01\/LOGO-DGW-0414-transparent.png","width":200,"height":69,"caption":"Deutsche Gro\u00dfw\u00e4lzlager GmbH"},"image":{"@id":"https:\/\/www.deutsche-grosswaelzlager.de\/de\/#\/schema\/logo\/image\/"}}]}},"_links":{"self":[{"href":"https:\/\/www.deutsche-grosswaelzlager.de\/de\/wp-json\/wp\/v2\/pages\/3831","targetHints":{"allow":["GET"]}}],"collection":[{"href":"https:\/\/www.deutsche-grosswaelzlager.de\/de\/wp-json\/wp\/v2\/pages"}],"about":[{"href":"https:\/\/www.deutsche-grosswaelzlager.de\/de\/wp-json\/wp\/v2\/types\/page"}],"author":[{"embeddable":true,"href":"https:\/\/www.deutsche-grosswaelzlager.de\/de\/wp-json\/wp\/v2\/users\/1"}],"replies":[{"embeddable":true,"href":"https:\/\/www.deutsche-grosswaelzlager.de\/de\/wp-json\/wp\/v2\/comments?post=3831"}],"version-history":[{"count":2,"href":"https:\/\/www.deutsche-grosswaelzlager.de\/de\/wp-json\/wp\/v2\/pages\/3831\/revisions"}],"predecessor-version":[{"id":4541,"href":"https:\/\/www.deutsche-grosswaelzlager.de\/de\/wp-json\/wp\/v2\/pages\/3831\/revisions\/4541"}],"wp:attachment":[{"href":"https:\/\/www.deutsche-grosswaelzlager.de\/de\/wp-json\/wp\/v2\/media?parent=3831"}],"curies":[{"name":"wp","href":"https:\/\/api.w.org\/{rel}","templated":true}]}}