{"id":155,"date":"2016-04-14T09:53:02","date_gmt":"2016-04-14T09:53:02","guid":{"rendered":"http:\/\/37.61.204.67\/?page_id=155"},"modified":"2026-03-02T13:30:54","modified_gmt":"2026-03-02T13:30:54","slug":"ueber-dgwl-2","status":"publish","type":"page","link":"https:\/\/www.deutsche-grosswaelzlager.de\/en\/unternehmen\/ueber-dgwl-2\/","title":{"rendered":"About us"},"content":{"rendered":"<p><span class=\"caps\">DGWL<\/span> Deutsche Gro\u00dfw\u00e4l\u00adzlager GmbH We have drawn up a vision and a mission. The mission describes the task of Deutsche Gro\u00dfw\u00e4l\u00adzlager in the world of tomorrow. Vision The active market competitors will continue to focus on high-volume, thereby achieving economies of scale. <a href=\"https:\/\/www.deutsche-grosswaelzlager.de\/en\/unternehmen\/ueber-dgwl-2\/\" title=\"Read more on About us\" class=\"more-link\">read more<\/a><\/p>\n","protected":false},"excerpt":{"rendered":"<p><span class=\"caps\">DGWL<\/span> Deutsche Gro\u00dfw\u00e4l\u00adzlager GmbH We have drawn up a vision and a mission. The mission describes the task of Deutsche Gro\u00dfw\u00e4l\u00adzlager in the world of tomorrow. Vision The active market competitors will continue to focus on high-volume, thereby achieving economies of scale. read&nbsp;more<\/p>\n","protected":false},"author":1,"featured_media":4713,"parent":2737,"menu_order":1,"comment_status":"closed","ping_status":"closed","template":"","meta":{"wp_typography_post_enhancements_disabled":false,"footnotes":""},"class_list":["post-155","page","type-page","status-publish","has-post-thumbnail","hentry","has-thumb"],"yoast_head":"<!-- This site is optimized with the Yoast SEO plugin v27.2 - https:\/\/yoast.com\/product\/yoast-seo-wordpress\/ -->\n<title>About us<\/title>\n<meta name=\"robots\" content=\"index, follow, max-snippet:-1, max-image-preview:large, max-video-preview:-1\" \/>\n<link rel=\"canonical\" href=\"https:\/\/www.deutsche-grosswaelzlager.de\/en\/unternehmen\/ueber-dgwl-2\/\" \/>\n<meta property=\"og:locale\" content=\"en_US\" \/>\n<meta property=\"og:locale:alternate\" content=\"de_DE\" \/>\n<meta property=\"og:locale:alternate\" content=\"ru_RU\" \/>\n<meta property=\"og:type\" content=\"article\" \/>\n<meta property=\"og:title\" content=\"About us\" \/>\n<meta property=\"og:description\" content=\"DGWL Deutsche Gro\u00dfw\u00e4l\u00adzlager GmbH We have drawn up a vision and a mission. The mission describes the task of Deutsche Gro\u00dfw\u00e4l\u00adzlager in the world of tomorrow. Vision The active market competitors will continue to focus on high-volume, thereby achieving economies of scale. read more\" \/>\n<meta property=\"og:url\" content=\"https:\/\/www.deutsche-grosswaelzlager.de\/en\/unternehmen\/ueber-dgwl-2\/\" \/>\n<meta property=\"og:site_name\" content=\"DGWL\" \/>\n<meta property=\"article:modified_time\" content=\"2026-03-02T13:30:54+00:00\" \/>\n<meta property=\"og:image\" content=\"https:\/\/www.deutsche-grosswaelzlager.de\/wp-content\/uploads\/2026\/03\/Deutsche_Gro\u251c\u0192wa\u2560elzlager_GmbH_Rostock_Industrie_Marieneher_Stra\u251c\u0192e_17-1384-scaled.jpg\" \/>\n\t<meta property=\"og:image:width\" content=\"2560\" \/>\n\t<meta property=\"og:image:height\" content=\"1706\" \/>\n\t<meta property=\"og:image:type\" content=\"image\/jpeg\" \/>\n<meta name=\"twitter:card\" content=\"summary_large_image\" \/>\n<meta name=\"twitter:label1\" content=\"Est. reading time\" \/>\n\t<meta name=\"twitter:data1\" content=\"3 minutes\" \/>\n<script type=\"application\/ld+json\" class=\"yoast-schema-graph\">{\"@context\":\"https:\/\/schema.org\",\"@graph\":[{\"@type\":\"WebPage\",\"@id\":\"https:\/\/www.deutsche-grosswaelzlager.de\/de\/unternehmen\/ueber-dgwl-2\/\",\"url\":\"https:\/\/www.deutsche-grosswaelzlager.de\/de\/unternehmen\/ueber-dgwl-2\/\",\"name\":\"About us\",\"isPartOf\":{\"@id\":\"https:\/\/www.deutsche-grosswaelzlager.de\/de\/#website\"},\"primaryImageOfPage\":{\"@id\":\"https:\/\/www.deutsche-grosswaelzlager.de\/de\/unternehmen\/ueber-dgwl-2\/#primaryimage\"},\"image\":{\"@id\":\"https:\/\/www.deutsche-grosswaelzlager.de\/de\/unternehmen\/ueber-dgwl-2\/#primaryimage\"},\"thumbnailUrl\":\"https:\/\/www.deutsche-grosswaelzlager.de\/wp-content\/uploads\/2026\/03\/Deutsche_Gro\u251c\u0192wa\u2560elzlager_GmbH_Rostock_Industrie_Marieneher_Stra\u251c\u0192e_17-1384-scaled.jpg\",\"datePublished\":\"2016-04-14T09:53:02+00:00\",\"dateModified\":\"2026-03-02T13:30:54+00:00\",\"breadcrumb\":{\"@id\":\"https:\/\/www.deutsche-grosswaelzlager.de\/de\/unternehmen\/ueber-dgwl-2\/#breadcrumb\"},\"inLanguage\":\"en-US\",\"potentialAction\":[{\"@type\":\"ReadAction\",\"target\":[\"https:\/\/www.deutsche-grosswaelzlager.de\/de\/unternehmen\/ueber-dgwl-2\/\"]}]},{\"@type\":\"ImageObject\",\"inLanguage\":\"en-US\",\"@id\":\"https:\/\/www.deutsche-grosswaelzlager.de\/de\/unternehmen\/ueber-dgwl-2\/#primaryimage\",\"url\":\"https:\/\/www.deutsche-grosswaelzlager.de\/wp-content\/uploads\/2026\/03\/Deutsche_Gro\u251c\u0192wa\u2560elzlager_GmbH_Rostock_Industrie_Marieneher_Stra\u251c\u0192e_17-1384-scaled.jpg\",\"contentUrl\":\"https:\/\/www.deutsche-grosswaelzlager.de\/wp-content\/uploads\/2026\/03\/Deutsche_Gro\u251c\u0192wa\u2560elzlager_GmbH_Rostock_Industrie_Marieneher_Stra\u251c\u0192e_17-1384-scaled.jpg\",\"width\":2560,\"height\":1706},{\"@type\":\"BreadcrumbList\",\"@id\":\"https:\/\/www.deutsche-grosswaelzlager.de\/de\/unternehmen\/ueber-dgwl-2\/#breadcrumb\",\"itemListElement\":[{\"@type\":\"ListItem\",\"position\":1,\"name\":\"Startseite\",\"item\":\"https:\/\/www.deutsche-grosswaelzlager.de\/de\/\"},{\"@type\":\"ListItem\",\"position\":2,\"name\":\"Unternehmen\",\"item\":\"https:\/\/www.deutsche-grosswaelzlager.de\/ru\/unternehmen\/\"},{\"@type\":\"ListItem\",\"position\":3,\"name\":\"\u00dcber DGWL\"}]},{\"@type\":\"WebSite\",\"@id\":\"https:\/\/www.deutsche-grosswaelzlager.de\/de\/#website\",\"url\":\"https:\/\/www.deutsche-grosswaelzlager.de\/de\/\",\"name\":\"DGWL\",\"description\":\"TAKING THE RIGHT TURN!\",\"publisher\":{\"@id\":\"https:\/\/www.deutsche-grosswaelzlager.de\/de\/#organization\"},\"potentialAction\":[{\"@type\":\"SearchAction\",\"target\":{\"@type\":\"EntryPoint\",\"urlTemplate\":\"https:\/\/www.deutsche-grosswaelzlager.de\/de\/?s={search_term_string}\"},\"query-input\":{\"@type\":\"PropertyValueSpecification\",\"valueRequired\":true,\"valueName\":\"search_term_string\"}}],\"inLanguage\":\"en-US\"},{\"@type\":\"Organization\",\"@id\":\"https:\/\/www.deutsche-grosswaelzlager.de\/de\/#organization\",\"name\":\"Deutsche Gro\u00dfw\u00e4lzlager GmbH\",\"url\":\"https:\/\/www.deutsche-grosswaelzlager.de\/de\/\",\"logo\":{\"@type\":\"ImageObject\",\"inLanguage\":\"en-US\",\"@id\":\"https:\/\/www.deutsche-grosswaelzlager.de\/de\/#\/schema\/logo\/image\/\",\"url\":\"https:\/\/www.deutsche-grosswaelzlager.de\/wp-content\/uploads\/2018\/01\/LOGO-DGW-0414-transparent.png\",\"contentUrl\":\"https:\/\/www.deutsche-grosswaelzlager.de\/wp-content\/uploads\/2018\/01\/LOGO-DGW-0414-transparent.png\",\"width\":200,\"height\":69,\"caption\":\"Deutsche Gro\u00dfw\u00e4lzlager GmbH\"},\"image\":{\"@id\":\"https:\/\/www.deutsche-grosswaelzlager.de\/de\/#\/schema\/logo\/image\/\"}}]}<\/script>\n<!-- \/ Yoast SEO plugin. -->","yoast_head_json":{"title":"About us","robots":{"index":"index","follow":"follow","max-snippet":"max-snippet:-1","max-image-preview":"max-image-preview:large","max-video-preview":"max-video-preview:-1"},"canonical":"https:\/\/www.deutsche-grosswaelzlager.de\/en\/unternehmen\/ueber-dgwl-2\/","og_locale":"en_US","og_type":"article","og_title":"[:de]\u00dcber DGWL[:en]About us[:ru]O DGWL[:] - DGWL","og_description":"DGWL Deutsche Gro\u00dfw\u00e4l\u00adzlager GmbH We have drawn up a vision and a mission. The mission describes the task of Deutsche Gro\u00dfw\u00e4l\u00adzlager in the world of tomorrow. Vision The active market competitors will continue to focus on high-volume, thereby achieving economies of scale. read more","og_url":"https:\/\/www.deutsche-grosswaelzlager.de\/en\/unternehmen\/ueber-dgwl-2\/","og_site_name":"DGWL","article_modified_time":"2026-03-02T13:30:54+00:00","og_image":[{"width":2560,"height":1706,"url":"https:\/\/www.deutsche-grosswaelzlager.de\/wp-content\/uploads\/2026\/03\/Deutsche_Gro\u251c\u0192wa\u2560elzlager_GmbH_Rostock_Industrie_Marieneher_Stra\u251c\u0192e_17-1384-scaled.jpg","type":"image\/jpeg"}],"twitter_card":"summary_large_image","twitter_misc":{"Est. reading time":"3 minutes"},"schema":{"@context":"https:\/\/schema.org","@graph":[{"@type":"WebPage","@id":"https:\/\/www.deutsche-grosswaelzlager.de\/de\/unternehmen\/ueber-dgwl-2\/","url":"https:\/\/www.deutsche-grosswaelzlager.de\/de\/unternehmen\/ueber-dgwl-2\/","name":"About us","isPartOf":{"@id":"https:\/\/www.deutsche-grosswaelzlager.de\/de\/#website"},"primaryImageOfPage":{"@id":"https:\/\/www.deutsche-grosswaelzlager.de\/de\/unternehmen\/ueber-dgwl-2\/#primaryimage"},"image":{"@id":"https:\/\/www.deutsche-grosswaelzlager.de\/de\/unternehmen\/ueber-dgwl-2\/#primaryimage"},"thumbnailUrl":"https:\/\/www.deutsche-grosswaelzlager.de\/wp-content\/uploads\/2026\/03\/Deutsche_Gro\u251c\u0192wa\u2560elzlager_GmbH_Rostock_Industrie_Marieneher_Stra\u251c\u0192e_17-1384-scaled.jpg","datePublished":"2016-04-14T09:53:02+00:00","dateModified":"2026-03-02T13:30:54+00:00","breadcrumb":{"@id":"https:\/\/www.deutsche-grosswaelzlager.de\/de\/unternehmen\/ueber-dgwl-2\/#breadcrumb"},"inLanguage":"en-US","potentialAction":[{"@type":"ReadAction","target":["https:\/\/www.deutsche-grosswaelzlager.de\/de\/unternehmen\/ueber-dgwl-2\/"]}]},{"@type":"ImageObject","inLanguage":"en-US","@id":"https:\/\/www.deutsche-grosswaelzlager.de\/de\/unternehmen\/ueber-dgwl-2\/#primaryimage","url":"https:\/\/www.deutsche-grosswaelzlager.de\/wp-content\/uploads\/2026\/03\/Deutsche_Gro\u251c\u0192wa\u2560elzlager_GmbH_Rostock_Industrie_Marieneher_Stra\u251c\u0192e_17-1384-scaled.jpg","contentUrl":"https:\/\/www.deutsche-grosswaelzlager.de\/wp-content\/uploads\/2026\/03\/Deutsche_Gro\u251c\u0192wa\u2560elzlager_GmbH_Rostock_Industrie_Marieneher_Stra\u251c\u0192e_17-1384-scaled.jpg","width":2560,"height":1706},{"@type":"BreadcrumbList","@id":"https:\/\/www.deutsche-grosswaelzlager.de\/de\/unternehmen\/ueber-dgwl-2\/#breadcrumb","itemListElement":[{"@type":"ListItem","position":1,"name":"Startseite","item":"https:\/\/www.deutsche-grosswaelzlager.de\/de\/"},{"@type":"ListItem","position":2,"name":"Unternehmen","item":"https:\/\/www.deutsche-grosswaelzlager.de\/ru\/unternehmen\/"},{"@type":"ListItem","position":3,"name":"\u00dcber DGWL"}]},{"@type":"WebSite","@id":"https:\/\/www.deutsche-grosswaelzlager.de\/de\/#website","url":"https:\/\/www.deutsche-grosswaelzlager.de\/de\/","name":"DGWL","description":"TAKING THE RIGHT TURN!","publisher":{"@id":"https:\/\/www.deutsche-grosswaelzlager.de\/de\/#organization"},"potentialAction":[{"@type":"SearchAction","target":{"@type":"EntryPoint","urlTemplate":"https:\/\/www.deutsche-grosswaelzlager.de\/de\/?s={search_term_string}"},"query-input":{"@type":"PropertyValueSpecification","valueRequired":true,"valueName":"search_term_string"}}],"inLanguage":"en-US"},{"@type":"Organization","@id":"https:\/\/www.deutsche-grosswaelzlager.de\/de\/#organization","name":"Deutsche Gro\u00dfw\u00e4lzlager GmbH","url":"https:\/\/www.deutsche-grosswaelzlager.de\/de\/","logo":{"@type":"ImageObject","inLanguage":"en-US","@id":"https:\/\/www.deutsche-grosswaelzlager.de\/de\/#\/schema\/logo\/image\/","url":"https:\/\/www.deutsche-grosswaelzlager.de\/wp-content\/uploads\/2018\/01\/LOGO-DGW-0414-transparent.png","contentUrl":"https:\/\/www.deutsche-grosswaelzlager.de\/wp-content\/uploads\/2018\/01\/LOGO-DGW-0414-transparent.png","width":200,"height":69,"caption":"Deutsche Gro\u00dfw\u00e4lzlager GmbH"},"image":{"@id":"https:\/\/www.deutsche-grosswaelzlager.de\/de\/#\/schema\/logo\/image\/"}}]}},"_links":{"self":[{"href":"https:\/\/www.deutsche-grosswaelzlager.de\/en\/wp-json\/wp\/v2\/pages\/155","targetHints":{"allow":["GET"]}}],"collection":[{"href":"https:\/\/www.deutsche-grosswaelzlager.de\/en\/wp-json\/wp\/v2\/pages"}],"about":[{"href":"https:\/\/www.deutsche-grosswaelzlager.de\/en\/wp-json\/wp\/v2\/types\/page"}],"author":[{"embeddable":true,"href":"https:\/\/www.deutsche-grosswaelzlager.de\/en\/wp-json\/wp\/v2\/users\/1"}],"replies":[{"embeddable":true,"href":"https:\/\/www.deutsche-grosswaelzlager.de\/en\/wp-json\/wp\/v2\/comments?post=155"}],"version-history":[{"count":56,"href":"https:\/\/www.deutsche-grosswaelzlager.de\/en\/wp-json\/wp\/v2\/pages\/155\/revisions"}],"predecessor-version":[{"id":4736,"href":"https:\/\/www.deutsche-grosswaelzlager.de\/en\/wp-json\/wp\/v2\/pages\/155\/revisions\/4736"}],"up":[{"embeddable":true,"href":"https:\/\/www.deutsche-grosswaelzlager.de\/en\/wp-json\/wp\/v2\/pages\/2737"}],"wp:featuredmedia":[{"embeddable":true,"href":"https:\/\/www.deutsche-grosswaelzlager.de\/en\/wp-json\/wp\/v2\/media\/4713"}],"wp:attachment":[{"href":"https:\/\/www.deutsche-grosswaelzlager.de\/en\/wp-json\/wp\/v2\/media?parent=155"}],"curies":[{"name":"wp","href":"https:\/\/api.w.org\/{rel}","templated":true}]}}