{"id":3481,"date":"2020-02-06T10:56:14","date_gmt":"2020-02-06T10:56:14","guid":{"rendered":"http:\/\/37.61.204.67\/en\/?page_id=3481"},"modified":"2020-02-06T10:56:15","modified_gmt":"2020-02-06T10:56:15","slug":"ueber-dgwl","status":"publish","type":"page","link":"https:\/\/www.deutsche-grosswaelzlager.de\/en\/unternehmen\/ueber-dgwl\/","title":{"rendered":"\u00dcber <span class=\"caps\">DGWL<\/span>"},"content":{"rendered":"<p>Deutsche Gro\u00dfw\u00e4l\u00adzlager GmbH Wir haben eine Vision und eine Mission erarbeitet. Die Mission beschreibt dabei die Aufgabe der Deutsche Gro\u00dfw\u00e4l\u00adzlager in der Welt von morgen. Vision Die im Markt aktiven Wettbe\u00adwerber werden sich weiter auf Gro\u00dfserien fokussieren, um dadurch  <a href=\"https:\/\/www.deutsche-grosswaelzlager.de\/en\/unternehmen\/ueber-dgwl\/\" title=\"Read more on \u00dcber <span class=&quot;caps&quot;>DGWL<\/span>\" class=\"more-link\">read more<\/a><\/p>\n","protected":false},"excerpt":{"rendered":"<p>Deutsche Gro\u00dfw\u00e4l\u00adzlager GmbH Wir haben eine Vision und eine Mission erarbeitet. Die Mission beschreibt dabei die Aufgabe der Deutsche Gro\u00dfw\u00e4l\u00adzlager in der Welt von morgen. Vision Die im Markt aktiven Wettbe\u00adwerber werden sich weiter auf Gro\u00dfserien fokussieren, um dadurch read&nbsp;more<\/p>\n","protected":false},"author":2,"featured_media":0,"parent":2737,"menu_order":1,"comment_status":"closed","ping_status":"closed","template":"","meta":{"wp_typography_post_enhancements_disabled":false,"footnotes":""},"class_list":["post-3481","page","type-page","status-publish","hentry","no-thumb"],"yoast_head":"<!-- This site is optimized with the Yoast SEO plugin v27.2 - https:\/\/yoast.com\/product\/yoast-seo-wordpress\/ -->\n<title>\u00dcber DGWL<\/title>\n<meta name=\"robots\" content=\"index, follow, max-snippet:-1, max-image-preview:large, max-video-preview:-1\" \/>\n<link rel=\"canonical\" href=\"https:\/\/www.deutsche-grosswaelzlager.de\/en\/unternehmen\/ueber-dgwl\/\" \/>\n<meta property=\"og:locale\" content=\"en_US\" \/>\n<meta property=\"og:locale:alternate\" content=\"de_DE\" \/>\n<meta property=\"og:locale:alternate\" content=\"ru_RU\" \/>\n<meta property=\"og:type\" content=\"article\" \/>\n<meta property=\"og:title\" content=\"\u00dcber DGWL\" \/>\n<meta property=\"og:description\" content=\"Deutsche Gro\u00dfw\u00e4l\u00adzlager GmbH Wir haben eine Vision und eine Mission erarbeitet. Die Mission beschreibt dabei die Aufgabe der Deutsche Gro\u00dfw\u00e4l\u00adzlager in der Welt von morgen. Vision Die im Markt aktiven Wettbe\u00adwerber werden sich weiter auf Gro\u00dfserien fokussieren, um dadurch read more\" \/>\n<meta property=\"og:url\" content=\"https:\/\/www.deutsche-grosswaelzlager.de\/en\/unternehmen\/ueber-dgwl\/\" \/>\n<meta property=\"og:site_name\" content=\"DGWL\" \/>\n<meta property=\"article:modified_time\" content=\"2020-02-06T10:56:15+00:00\" \/>\n<meta name=\"twitter:card\" content=\"summary_large_image\" \/>\n<meta name=\"twitter:label1\" content=\"Est. reading time\" \/>\n\t<meta name=\"twitter:data1\" content=\"35 minutes\" \/>\n<script type=\"application\/ld+json\" class=\"yoast-schema-graph\">{\"@context\":\"https:\/\/schema.org\",\"@graph\":[{\"@type\":\"WebPage\",\"@id\":\"https:\/\/www.deutsche-grosswaelzlager.de\/ru\/unternehmen\/ueber-dgwl\/\",\"url\":\"https:\/\/www.deutsche-grosswaelzlager.de\/ru\/unternehmen\/ueber-dgwl\/\",\"name\":\"\u00dcber DGWL\",\"isPartOf\":{\"@id\":\"https:\/\/www.deutsche-grosswaelzlager.de\/de\/#website\"},\"datePublished\":\"2020-02-06T10:56:14+00:00\",\"dateModified\":\"2020-02-06T10:56:15+00:00\",\"breadcrumb\":{\"@id\":\"https:\/\/www.deutsche-grosswaelzlager.de\/ru\/unternehmen\/ueber-dgwl\/#breadcrumb\"},\"inLanguage\":\"en-US\",\"potentialAction\":[{\"@type\":\"ReadAction\",\"target\":[\"https:\/\/www.deutsche-grosswaelzlager.de\/ru\/unternehmen\/ueber-dgwl\/\"]}]},{\"@type\":\"BreadcrumbList\",\"@id\":\"https:\/\/www.deutsche-grosswaelzlager.de\/ru\/unternehmen\/ueber-dgwl\/#breadcrumb\",\"itemListElement\":[{\"@type\":\"ListItem\",\"position\":1,\"name\":\"Startseite\",\"item\":\"https:\/\/www.deutsche-grosswaelzlager.de\/de\/\"},{\"@type\":\"ListItem\",\"position\":2,\"name\":\"Unternehmen\",\"item\":\"https:\/\/www.deutsche-grosswaelzlager.de\/ru\/unternehmen\/\"},{\"@type\":\"ListItem\",\"position\":3,\"name\":\"\u00dcber DGWL\"}]},{\"@type\":\"WebSite\",\"@id\":\"https:\/\/www.deutsche-grosswaelzlager.de\/de\/#website\",\"url\":\"https:\/\/www.deutsche-grosswaelzlager.de\/de\/\",\"name\":\"DGWL\",\"description\":\"TAKING THE RIGHT TURN!\",\"publisher\":{\"@id\":\"https:\/\/www.deutsche-grosswaelzlager.de\/de\/#organization\"},\"potentialAction\":[{\"@type\":\"SearchAction\",\"target\":{\"@type\":\"EntryPoint\",\"urlTemplate\":\"https:\/\/www.deutsche-grosswaelzlager.de\/de\/?s={search_term_string}\"},\"query-input\":{\"@type\":\"PropertyValueSpecification\",\"valueRequired\":true,\"valueName\":\"search_term_string\"}}],\"inLanguage\":\"en-US\"},{\"@type\":\"Organization\",\"@id\":\"https:\/\/www.deutsche-grosswaelzlager.de\/de\/#organization\",\"name\":\"Deutsche Gro\u00dfw\u00e4lzlager GmbH\",\"url\":\"https:\/\/www.deutsche-grosswaelzlager.de\/de\/\",\"logo\":{\"@type\":\"ImageObject\",\"inLanguage\":\"en-US\",\"@id\":\"https:\/\/www.deutsche-grosswaelzlager.de\/de\/#\/schema\/logo\/image\/\",\"url\":\"https:\/\/www.deutsche-grosswaelzlager.de\/wp-content\/uploads\/2018\/01\/LOGO-DGW-0414-transparent.png\",\"contentUrl\":\"https:\/\/www.deutsche-grosswaelzlager.de\/wp-content\/uploads\/2018\/01\/LOGO-DGW-0414-transparent.png\",\"width\":200,\"height\":69,\"caption\":\"Deutsche Gro\u00dfw\u00e4lzlager GmbH\"},\"image\":{\"@id\":\"https:\/\/www.deutsche-grosswaelzlager.de\/de\/#\/schema\/logo\/image\/\"}}]}<\/script>\n<!-- \/ Yoast SEO plugin. -->","yoast_head_json":{"title":"\u00dcber DGWL","robots":{"index":"index","follow":"follow","max-snippet":"max-snippet:-1","max-image-preview":"max-image-preview:large","max-video-preview":"max-video-preview:-1"},"canonical":"https:\/\/www.deutsche-grosswaelzlager.de\/en\/unternehmen\/ueber-dgwl\/","og_locale":"en_US","og_type":"article","og_title":"[:de]\u00dcber DGWL[:en]\u00dcber DGWL[:] - DGWL","og_description":"Deutsche Gro\u00dfw\u00e4l\u00adzlager GmbH Wir haben eine Vision und eine Mission erarbeitet. Die Mission beschreibt dabei die Aufgabe der Deutsche Gro\u00dfw\u00e4l\u00adzlager in der Welt von morgen. Vision Die im Markt aktiven Wettbe\u00adwerber werden sich weiter auf Gro\u00dfserien fokussieren, um dadurch read more","og_url":"https:\/\/www.deutsche-grosswaelzlager.de\/en\/unternehmen\/ueber-dgwl\/","og_site_name":"DGWL","article_modified_time":"2020-02-06T10:56:15+00:00","twitter_card":"summary_large_image","twitter_misc":{"Est. reading time":"35 minutes"},"schema":{"@context":"https:\/\/schema.org","@graph":[{"@type":"WebPage","@id":"https:\/\/www.deutsche-grosswaelzlager.de\/ru\/unternehmen\/ueber-dgwl\/","url":"https:\/\/www.deutsche-grosswaelzlager.de\/ru\/unternehmen\/ueber-dgwl\/","name":"\u00dcber DGWL","isPartOf":{"@id":"https:\/\/www.deutsche-grosswaelzlager.de\/de\/#website"},"datePublished":"2020-02-06T10:56:14+00:00","dateModified":"2020-02-06T10:56:15+00:00","breadcrumb":{"@id":"https:\/\/www.deutsche-grosswaelzlager.de\/ru\/unternehmen\/ueber-dgwl\/#breadcrumb"},"inLanguage":"en-US","potentialAction":[{"@type":"ReadAction","target":["https:\/\/www.deutsche-grosswaelzlager.de\/ru\/unternehmen\/ueber-dgwl\/"]}]},{"@type":"BreadcrumbList","@id":"https:\/\/www.deutsche-grosswaelzlager.de\/ru\/unternehmen\/ueber-dgwl\/#breadcrumb","itemListElement":[{"@type":"ListItem","position":1,"name":"Startseite","item":"https:\/\/www.deutsche-grosswaelzlager.de\/de\/"},{"@type":"ListItem","position":2,"name":"Unternehmen","item":"https:\/\/www.deutsche-grosswaelzlager.de\/ru\/unternehmen\/"},{"@type":"ListItem","position":3,"name":"\u00dcber DGWL"}]},{"@type":"WebSite","@id":"https:\/\/www.deutsche-grosswaelzlager.de\/de\/#website","url":"https:\/\/www.deutsche-grosswaelzlager.de\/de\/","name":"DGWL","description":"TAKING THE RIGHT TURN!","publisher":{"@id":"https:\/\/www.deutsche-grosswaelzlager.de\/de\/#organization"},"potentialAction":[{"@type":"SearchAction","target":{"@type":"EntryPoint","urlTemplate":"https:\/\/www.deutsche-grosswaelzlager.de\/de\/?s={search_term_string}"},"query-input":{"@type":"PropertyValueSpecification","valueRequired":true,"valueName":"search_term_string"}}],"inLanguage":"en-US"},{"@type":"Organization","@id":"https:\/\/www.deutsche-grosswaelzlager.de\/de\/#organization","name":"Deutsche Gro\u00dfw\u00e4lzlager GmbH","url":"https:\/\/www.deutsche-grosswaelzlager.de\/de\/","logo":{"@type":"ImageObject","inLanguage":"en-US","@id":"https:\/\/www.deutsche-grosswaelzlager.de\/de\/#\/schema\/logo\/image\/","url":"https:\/\/www.deutsche-grosswaelzlager.de\/wp-content\/uploads\/2018\/01\/LOGO-DGW-0414-transparent.png","contentUrl":"https:\/\/www.deutsche-grosswaelzlager.de\/wp-content\/uploads\/2018\/01\/LOGO-DGW-0414-transparent.png","width":200,"height":69,"caption":"Deutsche Gro\u00dfw\u00e4lzlager GmbH"},"image":{"@id":"https:\/\/www.deutsche-grosswaelzlager.de\/de\/#\/schema\/logo\/image\/"}}]}},"_links":{"self":[{"href":"https:\/\/www.deutsche-grosswaelzlager.de\/en\/wp-json\/wp\/v2\/pages\/3481","targetHints":{"allow":["GET"]}}],"collection":[{"href":"https:\/\/www.deutsche-grosswaelzlager.de\/en\/wp-json\/wp\/v2\/pages"}],"about":[{"href":"https:\/\/www.deutsche-grosswaelzlager.de\/en\/wp-json\/wp\/v2\/types\/page"}],"author":[{"embeddable":true,"href":"https:\/\/www.deutsche-grosswaelzlager.de\/en\/wp-json\/wp\/v2\/users\/2"}],"replies":[{"embeddable":true,"href":"https:\/\/www.deutsche-grosswaelzlager.de\/en\/wp-json\/wp\/v2\/comments?post=3481"}],"version-history":[{"count":1,"href":"https:\/\/www.deutsche-grosswaelzlager.de\/en\/wp-json\/wp\/v2\/pages\/3481\/revisions"}],"predecessor-version":[{"id":4304,"href":"https:\/\/www.deutsche-grosswaelzlager.de\/en\/wp-json\/wp\/v2\/pages\/3481\/revisions\/4304"}],"up":[{"embeddable":true,"href":"https:\/\/www.deutsche-grosswaelzlager.de\/en\/wp-json\/wp\/v2\/pages\/2737"}],"wp:attachment":[{"href":"https:\/\/www.deutsche-grosswaelzlager.de\/en\/wp-json\/wp\/v2\/media?parent=3481"}],"curies":[{"name":"wp","href":"https:\/\/api.w.org\/{rel}","templated":true}]}}