{"id":155,"date":"2016-04-14T09:53:02","date_gmt":"2016-04-14T09:53:02","guid":{"rendered":"http:\/\/37.61.204.67\/?page_id=155"},"modified":"2026-03-02T13:30:54","modified_gmt":"2026-03-02T13:30:54","slug":"ueber-dgwl-2","status":"publish","type":"page","link":"https:\/\/www.deutsche-grosswaelzlager.de\/ru\/unternehmen\/ueber-dgwl-2\/","title":{"rendered":"O <span class=\"caps\">DGWL<\/span>"},"content":{"rendered":"<p>Deutsche Gro\u00dfw\u00e4lzlager GmbH \u0414\u043e\u0439\u0447\u0435 \u0413\u0440\u043e\u0441\u0432\u0435\u043b\u044c\u0446\u00ad\u043b\u0430\u0433\u0435\u0440 (<span class=\"caps\">\u0414\u0413\u0412\u041b<\/span>) \u0413\u043c\u0431\u0425 \u041e \u043d\u0430\u0441 <span class=\"caps\">DGWL<\/span> GmbH Deutsche Gro\u00dfw\u00e4lzlager GmbH \u2013 \u0414\u043e\u0439\u0447\u0435 \u0413\u0440\u043e\u0441\u0432\u0435\u043b\u044c\u0446\u00ad\u043b\u0430\u0433\u0435\u0440 \u0413\u043c\u0431\u0425, \u0441\u043e\u043a\u0440\u0430\u00ad\u0449\u0435\u043d\u043d\u043e <span class=\"caps\">DGWL<\/span>, \u0447\u0442\u043e \u0432 \u043f\u0435\u0440\u0435\u0432\u043e\u0434\u0435 \u043e\u0437\u043d\u0430\u0447\u0430\u0435\u0442 \u00ab\u041d\u0435\u043c\u0435\u0446\u043a\u0438\u0435 \u043f\u043e\u0434\u0448\u0438\u043f\u043d\u0438\u043a\u0438 \u0431\u043e\u043b\u044c\u0448\u043e\u0433\u043e \u0434\u0438\u0430\u043c\u0435\u0442\u0440\u0430\u00bb \u2013 \u043f\u0440\u043e\u0438\u0437\u00ad\u0432\u043e\u00ad\u0434\u0438\u0442\u0435\u043b\u044c \u043e\u043f\u043e\u0440\u043d\u043e-\u043f\u043e\u0432\u043e\u0440\u043e\u0442\u043d\u044b\u0445 \u0443\u0441\u0442\u0440\u043e\u0439\u0441\u0442\u0432 \u0438 \u0437\u0443\u0431\u0447\u0430\u0442\u044b\u0445  <a href=\"https:\/\/www.deutsche-grosswaelzlager.de\/ru\/unternehmen\/ueber-dgwl-2\/\" title=\"Read more on O <span class=&quot;caps&quot;>DGWL<\/span>\" class=\"more-link\">read more<\/a><\/p>\n","protected":false},"excerpt":{"rendered":"<p>Deutsche Gro\u00dfw\u00e4lzlager GmbH \u0414\u043e\u0439\u0447\u0435 \u0413\u0440\u043e\u0441\u0432\u0435\u043b\u044c\u0446\u00ad\u043b\u0430\u0433\u0435\u0440 (<span class=\"caps\">\u0414\u0413\u0412\u041b<\/span>) \u0413\u043c\u0431\u0425 \u041e \u043d\u0430\u0441 <span class=\"caps\">DGWL<\/span> GmbH Deutsche Gro\u00dfw\u00e4lzlager GmbH \u2013 \u0414\u043e\u0439\u0447\u0435 \u0413\u0440\u043e\u0441\u0432\u0435\u043b\u044c\u0446\u00ad\u043b\u0430\u0433\u0435\u0440 \u0413\u043c\u0431\u0425, \u0441\u043e\u043a\u0440\u0430\u00ad\u0449\u0435\u043d\u043d\u043e <span class=\"caps\">DGWL<\/span>, \u0447\u0442\u043e \u0432 \u043f\u0435\u0440\u0435\u0432\u043e\u0434\u0435 \u043e\u0437\u043d\u0430\u0447\u0430\u0435\u0442 \u00ab\u041d\u0435\u043c\u0435\u0446\u043a\u0438\u0435 \u043f\u043e\u0434\u0448\u0438\u043f\u043d\u0438\u043a\u0438 \u0431\u043e\u043b\u044c\u0448\u043e\u0433\u043e \u0434\u0438\u0430\u043c\u0435\u0442\u0440\u0430\u00bb \u2013 \u043f\u0440\u043e\u0438\u0437\u00ad\u0432\u043e\u00ad\u0434\u0438\u0442\u0435\u043b\u044c \u043e\u043f\u043e\u0440\u043d\u043e-\u043f\u043e\u0432\u043e\u0440\u043e\u0442\u043d\u044b\u0445 \u0443\u0441\u0442\u0440\u043e\u0439\u0441\u0442\u0432 \u0438 \u0437\u0443\u0431\u0447\u0430\u0442\u044b\u0445 read&nbsp;more<\/p>\n","protected":false},"author":1,"featured_media":4713,"parent":2737,"menu_order":1,"comment_status":"closed","ping_status":"closed","template":"","meta":{"wp_typography_post_enhancements_disabled":false,"footnotes":""},"class_list":["post-155","page","type-page","status-publish","has-post-thumbnail","hentry","has-thumb"],"yoast_head":"<!-- This site is optimized with the Yoast SEO plugin v27.2 - https:\/\/yoast.com\/product\/yoast-seo-wordpress\/ -->\n<title>O DGWL<\/title>\n<meta name=\"robots\" content=\"index, follow, max-snippet:-1, max-image-preview:large, max-video-preview:-1\" \/>\n<link rel=\"canonical\" href=\"https:\/\/www.deutsche-grosswaelzlager.de\/ru\/unternehmen\/ueber-dgwl-2\/\" \/>\n<meta property=\"og:locale\" content=\"ru_RU\" \/>\n<meta property=\"og:locale:alternate\" content=\"de_DE\" \/>\n<meta property=\"og:locale:alternate\" content=\"en_US\" \/>\n<meta property=\"og:type\" content=\"article\" \/>\n<meta property=\"og:title\" content=\"O DGWL\" \/>\n<meta property=\"og:description\" content=\"Deutsche Gro\u00dfw\u00e4lzlager GmbH \u0414\u043e\u0439\u0447\u0435 \u0413\u0440\u043e\u0441\u0432\u0435\u043b\u044c\u0446\u00ad\u043b\u0430\u0433\u0435\u0440 (\u0414\u0413\u0412\u041b) \u0413\u043c\u0431\u0425 \u041e \u043d\u0430\u0441 DGWL GmbH Deutsche Gro\u00dfw\u00e4lzlager GmbH \u2013 \u0414\u043e\u0439\u0447\u0435 \u0413\u0440\u043e\u0441\u0432\u0435\u043b\u044c\u0446\u00ad\u043b\u0430\u0433\u0435\u0440 \u0413\u043c\u0431\u0425, \u0441\u043e\u043a\u0440\u0430\u00ad\u0449\u0435\u043d\u043d\u043e DGWL, \u0447\u0442\u043e \u0432 \u043f\u0435\u0440\u0435\u0432\u043e\u0434\u0435 \u043e\u0437\u043d\u0430\u0447\u0430\u0435\u0442 \u00ab\u041d\u0435\u043c\u0435\u0446\u043a\u0438\u0435 \u043f\u043e\u0434\u0448\u0438\u043f\u043d\u0438\u043a\u0438 \u0431\u043e\u043b\u044c\u0448\u043e\u0433\u043e \u0434\u0438\u0430\u043c\u0435\u0442\u0440\u0430\u00bb \u2013 \u043f\u0440\u043e\u0438\u0437\u00ad\u0432\u043e\u00ad\u0434\u0438\u0442\u0435\u043b\u044c \u043e\u043f\u043e\u0440\u043d\u043e-\u043f\u043e\u0432\u043e\u0440\u043e\u0442\u043d\u044b\u0445 \u0443\u0441\u0442\u0440\u043e\u0439\u0441\u0442\u0432 \u0438 \u0437\u0443\u0431\u0447\u0430\u0442\u044b\u0445 read more\" \/>\n<meta property=\"og:url\" content=\"https:\/\/www.deutsche-grosswaelzlager.de\/ru\/unternehmen\/ueber-dgwl-2\/\" \/>\n<meta property=\"og:site_name\" content=\"DGWL\" \/>\n<meta property=\"article:modified_time\" content=\"2026-03-02T13:30:54+00:00\" \/>\n<meta property=\"og:image\" content=\"https:\/\/www.deutsche-grosswaelzlager.de\/wp-content\/uploads\/2026\/03\/Deutsche_Gro\u251c\u0192wa\u2560elzlager_GmbH_Rostock_Industrie_Marieneher_Stra\u251c\u0192e_17-1384-scaled.jpg\" \/>\n\t<meta property=\"og:image:width\" content=\"2560\" \/>\n\t<meta property=\"og:image:height\" content=\"1706\" \/>\n\t<meta property=\"og:image:type\" content=\"image\/jpeg\" \/>\n<meta name=\"twitter:card\" content=\"summary_large_image\" \/>\n<meta name=\"twitter:label1\" content=\"\u041f\u0440\u0438\u043c\u0435\u0440\u043d\u043e\u0435 \u0432\u0440\u0435\u043c\u044f \u0434\u043b\u044f \u0447\u0442\u0435\u043d\u0438\u044f\" \/>\n\t<meta name=\"twitter:data1\" content=\"3 \u043c\u0438\u043d\u0443\u0442\u044b\" \/>\n<script type=\"application\/ld+json\" class=\"yoast-schema-graph\">{\"@context\":\"https:\/\/schema.org\",\"@graph\":[{\"@type\":\"WebPage\",\"@id\":\"https:\/\/www.deutsche-grosswaelzlager.de\/de\/unternehmen\/ueber-dgwl-2\/\",\"url\":\"https:\/\/www.deutsche-grosswaelzlager.de\/de\/unternehmen\/ueber-dgwl-2\/\",\"name\":\"O DGWL\",\"isPartOf\":{\"@id\":\"https:\/\/www.deutsche-grosswaelzlager.de\/de\/#website\"},\"primaryImageOfPage\":{\"@id\":\"https:\/\/www.deutsche-grosswaelzlager.de\/de\/unternehmen\/ueber-dgwl-2\/#primaryimage\"},\"image\":{\"@id\":\"https:\/\/www.deutsche-grosswaelzlager.de\/de\/unternehmen\/ueber-dgwl-2\/#primaryimage\"},\"thumbnailUrl\":\"https:\/\/www.deutsche-grosswaelzlager.de\/wp-content\/uploads\/2026\/03\/Deutsche_Gro\u251c\u0192wa\u2560elzlager_GmbH_Rostock_Industrie_Marieneher_Stra\u251c\u0192e_17-1384-scaled.jpg\",\"datePublished\":\"2016-04-14T09:53:02+00:00\",\"dateModified\":\"2026-03-02T13:30:54+00:00\",\"breadcrumb\":{\"@id\":\"https:\/\/www.deutsche-grosswaelzlager.de\/de\/unternehmen\/ueber-dgwl-2\/#breadcrumb\"},\"inLanguage\":\"ru-RU\",\"potentialAction\":[{\"@type\":\"ReadAction\",\"target\":[\"https:\/\/www.deutsche-grosswaelzlager.de\/de\/unternehmen\/ueber-dgwl-2\/\"]}]},{\"@type\":\"ImageObject\",\"inLanguage\":\"ru-RU\",\"@id\":\"https:\/\/www.deutsche-grosswaelzlager.de\/de\/unternehmen\/ueber-dgwl-2\/#primaryimage\",\"url\":\"https:\/\/www.deutsche-grosswaelzlager.de\/wp-content\/uploads\/2026\/03\/Deutsche_Gro\u251c\u0192wa\u2560elzlager_GmbH_Rostock_Industrie_Marieneher_Stra\u251c\u0192e_17-1384-scaled.jpg\",\"contentUrl\":\"https:\/\/www.deutsche-grosswaelzlager.de\/wp-content\/uploads\/2026\/03\/Deutsche_Gro\u251c\u0192wa\u2560elzlager_GmbH_Rostock_Industrie_Marieneher_Stra\u251c\u0192e_17-1384-scaled.jpg\",\"width\":2560,\"height\":1706},{\"@type\":\"BreadcrumbList\",\"@id\":\"https:\/\/www.deutsche-grosswaelzlager.de\/de\/unternehmen\/ueber-dgwl-2\/#breadcrumb\",\"itemListElement\":[{\"@type\":\"ListItem\",\"position\":1,\"name\":\"Startseite\",\"item\":\"https:\/\/www.deutsche-grosswaelzlager.de\/de\/\"},{\"@type\":\"ListItem\",\"position\":2,\"name\":\"Unternehmen\",\"item\":\"https:\/\/www.deutsche-grosswaelzlager.de\/ru\/unternehmen\/\"},{\"@type\":\"ListItem\",\"position\":3,\"name\":\"\u00dcber DGWL\"}]},{\"@type\":\"WebSite\",\"@id\":\"https:\/\/www.deutsche-grosswaelzlager.de\/de\/#website\",\"url\":\"https:\/\/www.deutsche-grosswaelzlager.de\/de\/\",\"name\":\"DGWL\",\"description\":\"\u0423\u043f\u043e\u0440 \u043d\u0430 \u0432\u0440\u0430\u0449\u0435\u043d\u0438\u0435!\",\"publisher\":{\"@id\":\"https:\/\/www.deutsche-grosswaelzlager.de\/de\/#organization\"},\"potentialAction\":[{\"@type\":\"SearchAction\",\"target\":{\"@type\":\"EntryPoint\",\"urlTemplate\":\"https:\/\/www.deutsche-grosswaelzlager.de\/de\/?s={search_term_string}\"},\"query-input\":{\"@type\":\"PropertyValueSpecification\",\"valueRequired\":true,\"valueName\":\"search_term_string\"}}],\"inLanguage\":\"ru-RU\"},{\"@type\":\"Organization\",\"@id\":\"https:\/\/www.deutsche-grosswaelzlager.de\/de\/#organization\",\"name\":\"Deutsche Gro\u00dfw\u00e4lzlager GmbH\",\"url\":\"https:\/\/www.deutsche-grosswaelzlager.de\/de\/\",\"logo\":{\"@type\":\"ImageObject\",\"inLanguage\":\"ru-RU\",\"@id\":\"https:\/\/www.deutsche-grosswaelzlager.de\/de\/#\/schema\/logo\/image\/\",\"url\":\"https:\/\/www.deutsche-grosswaelzlager.de\/wp-content\/uploads\/2018\/01\/LOGO-DGW-0414-transparent.png\",\"contentUrl\":\"https:\/\/www.deutsche-grosswaelzlager.de\/wp-content\/uploads\/2018\/01\/LOGO-DGW-0414-transparent.png\",\"width\":200,\"height\":69,\"caption\":\"Deutsche Gro\u00dfw\u00e4lzlager GmbH\"},\"image\":{\"@id\":\"https:\/\/www.deutsche-grosswaelzlager.de\/de\/#\/schema\/logo\/image\/\"}}]}<\/script>\n<!-- \/ Yoast SEO plugin. -->","yoast_head_json":{"title":"O DGWL","robots":{"index":"index","follow":"follow","max-snippet":"max-snippet:-1","max-image-preview":"max-image-preview:large","max-video-preview":"max-video-preview:-1"},"canonical":"https:\/\/www.deutsche-grosswaelzlager.de\/ru\/unternehmen\/ueber-dgwl-2\/","og_locale":"ru_RU","og_type":"article","og_title":"[:de]\u00dcber DGWL[:en]About us[:ru]O DGWL[:] - DGWL","og_description":"Deutsche Gro\u00dfw\u00e4lzlager GmbH \u0414\u043e\u0439\u0447\u0435 \u0413\u0440\u043e\u0441\u0432\u0435\u043b\u044c\u0446\u00ad\u043b\u0430\u0433\u0435\u0440 (\u0414\u0413\u0412\u041b) \u0413\u043c\u0431\u0425 \u041e \u043d\u0430\u0441 DGWL GmbH Deutsche Gro\u00dfw\u00e4lzlager GmbH \u2013 \u0414\u043e\u0439\u0447\u0435 \u0413\u0440\u043e\u0441\u0432\u0435\u043b\u044c\u0446\u00ad\u043b\u0430\u0433\u0435\u0440 \u0413\u043c\u0431\u0425, \u0441\u043e\u043a\u0440\u0430\u00ad\u0449\u0435\u043d\u043d\u043e DGWL, \u0447\u0442\u043e \u0432 \u043f\u0435\u0440\u0435\u0432\u043e\u0434\u0435 \u043e\u0437\u043d\u0430\u0447\u0430\u0435\u0442 \u00ab\u041d\u0435\u043c\u0435\u0446\u043a\u0438\u0435 \u043f\u043e\u0434\u0448\u0438\u043f\u043d\u0438\u043a\u0438 \u0431\u043e\u043b\u044c\u0448\u043e\u0433\u043e \u0434\u0438\u0430\u043c\u0435\u0442\u0440\u0430\u00bb \u2013 \u043f\u0440\u043e\u0438\u0437\u00ad\u0432\u043e\u00ad\u0434\u0438\u0442\u0435\u043b\u044c \u043e\u043f\u043e\u0440\u043d\u043e-\u043f\u043e\u0432\u043e\u0440\u043e\u0442\u043d\u044b\u0445 \u0443\u0441\u0442\u0440\u043e\u0439\u0441\u0442\u0432 \u0438 \u0437\u0443\u0431\u0447\u0430\u0442\u044b\u0445 read more","og_url":"https:\/\/www.deutsche-grosswaelzlager.de\/ru\/unternehmen\/ueber-dgwl-2\/","og_site_name":"DGWL","article_modified_time":"2026-03-02T13:30:54+00:00","og_image":[{"width":2560,"height":1706,"url":"https:\/\/www.deutsche-grosswaelzlager.de\/wp-content\/uploads\/2026\/03\/Deutsche_Gro\u251c\u0192wa\u2560elzlager_GmbH_Rostock_Industrie_Marieneher_Stra\u251c\u0192e_17-1384-scaled.jpg","type":"image\/jpeg"}],"twitter_card":"summary_large_image","twitter_misc":{"\u041f\u0440\u0438\u043c\u0435\u0440\u043d\u043e\u0435 \u0432\u0440\u0435\u043c\u044f \u0434\u043b\u044f \u0447\u0442\u0435\u043d\u0438\u044f":"3 \u043c\u0438\u043d\u0443\u0442\u044b"},"schema":{"@context":"https:\/\/schema.org","@graph":[{"@type":"WebPage","@id":"https:\/\/www.deutsche-grosswaelzlager.de\/de\/unternehmen\/ueber-dgwl-2\/","url":"https:\/\/www.deutsche-grosswaelzlager.de\/de\/unternehmen\/ueber-dgwl-2\/","name":"O DGWL","isPartOf":{"@id":"https:\/\/www.deutsche-grosswaelzlager.de\/de\/#website"},"primaryImageOfPage":{"@id":"https:\/\/www.deutsche-grosswaelzlager.de\/de\/unternehmen\/ueber-dgwl-2\/#primaryimage"},"image":{"@id":"https:\/\/www.deutsche-grosswaelzlager.de\/de\/unternehmen\/ueber-dgwl-2\/#primaryimage"},"thumbnailUrl":"https:\/\/www.deutsche-grosswaelzlager.de\/wp-content\/uploads\/2026\/03\/Deutsche_Gro\u251c\u0192wa\u2560elzlager_GmbH_Rostock_Industrie_Marieneher_Stra\u251c\u0192e_17-1384-scaled.jpg","datePublished":"2016-04-14T09:53:02+00:00","dateModified":"2026-03-02T13:30:54+00:00","breadcrumb":{"@id":"https:\/\/www.deutsche-grosswaelzlager.de\/de\/unternehmen\/ueber-dgwl-2\/#breadcrumb"},"inLanguage":"ru-RU","potentialAction":[{"@type":"ReadAction","target":["https:\/\/www.deutsche-grosswaelzlager.de\/de\/unternehmen\/ueber-dgwl-2\/"]}]},{"@type":"ImageObject","inLanguage":"ru-RU","@id":"https:\/\/www.deutsche-grosswaelzlager.de\/de\/unternehmen\/ueber-dgwl-2\/#primaryimage","url":"https:\/\/www.deutsche-grosswaelzlager.de\/wp-content\/uploads\/2026\/03\/Deutsche_Gro\u251c\u0192wa\u2560elzlager_GmbH_Rostock_Industrie_Marieneher_Stra\u251c\u0192e_17-1384-scaled.jpg","contentUrl":"https:\/\/www.deutsche-grosswaelzlager.de\/wp-content\/uploads\/2026\/03\/Deutsche_Gro\u251c\u0192wa\u2560elzlager_GmbH_Rostock_Industrie_Marieneher_Stra\u251c\u0192e_17-1384-scaled.jpg","width":2560,"height":1706},{"@type":"BreadcrumbList","@id":"https:\/\/www.deutsche-grosswaelzlager.de\/de\/unternehmen\/ueber-dgwl-2\/#breadcrumb","itemListElement":[{"@type":"ListItem","position":1,"name":"Startseite","item":"https:\/\/www.deutsche-grosswaelzlager.de\/de\/"},{"@type":"ListItem","position":2,"name":"Unternehmen","item":"https:\/\/www.deutsche-grosswaelzlager.de\/ru\/unternehmen\/"},{"@type":"ListItem","position":3,"name":"\u00dcber DGWL"}]},{"@type":"WebSite","@id":"https:\/\/www.deutsche-grosswaelzlager.de\/de\/#website","url":"https:\/\/www.deutsche-grosswaelzlager.de\/de\/","name":"DGWL","description":"\u0423\u043f\u043e\u0440 \u043d\u0430 \u0432\u0440\u0430\u0449\u0435\u043d\u0438\u0435!","publisher":{"@id":"https:\/\/www.deutsche-grosswaelzlager.de\/de\/#organization"},"potentialAction":[{"@type":"SearchAction","target":{"@type":"EntryPoint","urlTemplate":"https:\/\/www.deutsche-grosswaelzlager.de\/de\/?s={search_term_string}"},"query-input":{"@type":"PropertyValueSpecification","valueRequired":true,"valueName":"search_term_string"}}],"inLanguage":"ru-RU"},{"@type":"Organization","@id":"https:\/\/www.deutsche-grosswaelzlager.de\/de\/#organization","name":"Deutsche Gro\u00dfw\u00e4lzlager GmbH","url":"https:\/\/www.deutsche-grosswaelzlager.de\/de\/","logo":{"@type":"ImageObject","inLanguage":"ru-RU","@id":"https:\/\/www.deutsche-grosswaelzlager.de\/de\/#\/schema\/logo\/image\/","url":"https:\/\/www.deutsche-grosswaelzlager.de\/wp-content\/uploads\/2018\/01\/LOGO-DGW-0414-transparent.png","contentUrl":"https:\/\/www.deutsche-grosswaelzlager.de\/wp-content\/uploads\/2018\/01\/LOGO-DGW-0414-transparent.png","width":200,"height":69,"caption":"Deutsche Gro\u00dfw\u00e4lzlager GmbH"},"image":{"@id":"https:\/\/www.deutsche-grosswaelzlager.de\/de\/#\/schema\/logo\/image\/"}}]}},"_links":{"self":[{"href":"https:\/\/www.deutsche-grosswaelzlager.de\/ru\/wp-json\/wp\/v2\/pages\/155","targetHints":{"allow":["GET"]}}],"collection":[{"href":"https:\/\/www.deutsche-grosswaelzlager.de\/ru\/wp-json\/wp\/v2\/pages"}],"about":[{"href":"https:\/\/www.deutsche-grosswaelzlager.de\/ru\/wp-json\/wp\/v2\/types\/page"}],"author":[{"embeddable":true,"href":"https:\/\/www.deutsche-grosswaelzlager.de\/ru\/wp-json\/wp\/v2\/users\/1"}],"replies":[{"embeddable":true,"href":"https:\/\/www.deutsche-grosswaelzlager.de\/ru\/wp-json\/wp\/v2\/comments?post=155"}],"version-history":[{"count":56,"href":"https:\/\/www.deutsche-grosswaelzlager.de\/ru\/wp-json\/wp\/v2\/pages\/155\/revisions"}],"predecessor-version":[{"id":4736,"href":"https:\/\/www.deutsche-grosswaelzlager.de\/ru\/wp-json\/wp\/v2\/pages\/155\/revisions\/4736"}],"up":[{"embeddable":true,"href":"https:\/\/www.deutsche-grosswaelzlager.de\/ru\/wp-json\/wp\/v2\/pages\/2737"}],"wp:featuredmedia":[{"embeddable":true,"href":"https:\/\/www.deutsche-grosswaelzlager.de\/ru\/wp-json\/wp\/v2\/media\/4713"}],"wp:attachment":[{"href":"https:\/\/www.deutsche-grosswaelzlager.de\/ru\/wp-json\/wp\/v2\/media?parent=155"}],"curies":[{"name":"wp","href":"https:\/\/api.w.org\/{rel}","templated":true}]}}