{"id":2727,"date":"2018-01-18T14:49:19","date_gmt":"2018-01-18T14:49:19","guid":{"rendered":"http:\/\/37.61.204.67\/?page_id=2727"},"modified":"2024-11-22T13:19:04","modified_gmt":"2024-11-22T13:19:04","slug":"allgemeine-verkaufs-und-lieferbedingungen","status":"publish","type":"page","link":"https:\/\/www.deutsche-grosswaelzlager.de\/ru\/unternehmen\/allgemeine-verkaufs-und-lieferbedingungen\/","title":{"rendered":"Allgemeine Verkaufs- und Lieferbedingungen"},"content":{"rendered":"<p>Allgemeine Verkaufs- und Lieferbedingungen der <span class=\"caps\">DGWL<\/span> Deutsche Gro\u00dfw\u00e4lzlager GmbH 1. Alle unsere Leistungen und Angebote erfolgen ausschlie\u00dflich auf Grundlage dieser Allgemeinen Gesch\u00e4ftsbedingungen. Diese sind Bestandteil aller Vertr\u00e4ge, die wir \u2013 im Folgenden auch Auftr <a href=\"https:\/\/www.deutsche-grosswaelzlager.de\/ru\/unternehmen\/allgemeine-verkaufs-und-lieferbedingungen\/\" title=\"Read more on Allgemeine Verkaufs- und Lieferbedingungen\" class=\"more-link\">read more<\/a><\/p>\n","protected":false},"excerpt":{"rendered":"<p>Allgemeine Verkaufs- und Lieferbedingungen der <span class=\"caps\">DGWL<\/span> Deutsche Gro\u00dfw\u00e4lzlager GmbH 1. Alle unsere Leistungen und Angebote erfolgen ausschlie\u00dflich auf Grundlage dieser Allgemeinen Gesch\u00e4ftsbedingungen. Diese sind Bestandteil aller Vertr\u00e4ge, die wir \u2013 im Folgenden auch Auftr read&nbsp;more<\/p>\n","protected":false},"author":1,"featured_media":0,"parent":2737,"menu_order":5,"comment_status":"closed","ping_status":"closed","template":"","meta":{"wp_typography_post_enhancements_disabled":false,"footnotes":""},"class_list":["post-2727","page","type-page","status-publish","hentry","no-thumb"],"yoast_head":"<!-- This site is optimized with the Yoast SEO plugin v27.2 - https:\/\/yoast.com\/product\/yoast-seo-wordpress\/ -->\n<title>Allgemeine Verkaufs- und Lieferbedingungen<\/title>\n<meta name=\"robots\" content=\"index, follow, max-snippet:-1, max-image-preview:large, max-video-preview:-1\" \/>\n<link rel=\"canonical\" href=\"https:\/\/www.deutsche-grosswaelzlager.de\/ru\/unternehmen\/allgemeine-verkaufs-und-lieferbedingungen\/\" \/>\n<meta property=\"og:locale\" content=\"ru_RU\" \/>\n<meta property=\"og:locale:alternate\" content=\"de_DE\" \/>\n<meta property=\"og:locale:alternate\" content=\"en_US\" \/>\n<meta property=\"og:type\" content=\"article\" \/>\n<meta property=\"og:title\" content=\"Allgemeine Verkaufs- und Lieferbedingungen\" \/>\n<meta property=\"og:description\" content=\"Allgemeine Verkaufs- und Lieferbedingungen der DGWL Deutsche Gro\u00dfw\u00e4lzlager GmbH 1. Alle unsere Leistungen und Angebote erfolgen ausschlie\u00dflich auf Grundlage dieser Allgemeinen Gesch\u00e4ftsbedingungen. Diese sind Bestandteil aller Vertr\u00e4ge, die wir \u2013 im Folgenden auch Auftr read more\" \/>\n<meta property=\"og:url\" content=\"https:\/\/www.deutsche-grosswaelzlager.de\/ru\/unternehmen\/allgemeine-verkaufs-und-lieferbedingungen\/\" \/>\n<meta property=\"og:site_name\" content=\"DGWL\" \/>\n<meta property=\"article:modified_time\" content=\"2024-11-22T13:19:04+00:00\" \/>\n<meta name=\"twitter:card\" content=\"summary_large_image\" \/>\n<meta name=\"twitter:label1\" content=\"\u041f\u0440\u0438\u043c\u0435\u0440\u043d\u043e\u0435 \u0432\u0440\u0435\u043c\u044f \u0434\u043b\u044f \u0447\u0442\u0435\u043d\u0438\u044f\" \/>\n\t<meta name=\"twitter:data1\" content=\"15 \u043c\u0438\u043d\u0443\u0442\" \/>\n<script type=\"application\/ld+json\" class=\"yoast-schema-graph\">{\"@context\":\"https:\/\/schema.org\",\"@graph\":[{\"@type\":\"WebPage\",\"@id\":\"https:\/\/www.deutsche-grosswaelzlager.de\/de\/unternehmen\/allgemeine-verkaufs-und-lieferbedingungen\/\",\"url\":\"https:\/\/www.deutsche-grosswaelzlager.de\/de\/unternehmen\/allgemeine-verkaufs-und-lieferbedingungen\/\",\"name\":\"Allgemeine Verkaufs- und Lieferbedingungen\",\"isPartOf\":{\"@id\":\"https:\/\/www.deutsche-grosswaelzlager.de\/de\/#website\"},\"datePublished\":\"2018-01-18T14:49:19+00:00\",\"dateModified\":\"2024-11-22T13:19:04+00:00\",\"breadcrumb\":{\"@id\":\"https:\/\/www.deutsche-grosswaelzlager.de\/de\/unternehmen\/allgemeine-verkaufs-und-lieferbedingungen\/#breadcrumb\"},\"inLanguage\":\"ru-RU\",\"potentialAction\":[{\"@type\":\"ReadAction\",\"target\":[\"https:\/\/www.deutsche-grosswaelzlager.de\/de\/unternehmen\/allgemeine-verkaufs-und-lieferbedingungen\/\"]}]},{\"@type\":\"BreadcrumbList\",\"@id\":\"https:\/\/www.deutsche-grosswaelzlager.de\/de\/unternehmen\/allgemeine-verkaufs-und-lieferbedingungen\/#breadcrumb\",\"itemListElement\":[{\"@type\":\"ListItem\",\"position\":1,\"name\":\"Startseite\",\"item\":\"https:\/\/www.deutsche-grosswaelzlager.de\/de\/\"},{\"@type\":\"ListItem\",\"position\":2,\"name\":\"Unternehmen\",\"item\":\"https:\/\/www.deutsche-grosswaelzlager.de\/ru\/unternehmen\/\"},{\"@type\":\"ListItem\",\"position\":3,\"name\":\"Allgemeine Verkaufs- und Lieferbedingungen\"}]},{\"@type\":\"WebSite\",\"@id\":\"https:\/\/www.deutsche-grosswaelzlager.de\/de\/#website\",\"url\":\"https:\/\/www.deutsche-grosswaelzlager.de\/de\/\",\"name\":\"DGWL\",\"description\":\"\u0423\u043f\u043e\u0440 \u043d\u0430 \u0432\u0440\u0430\u0449\u0435\u043d\u0438\u0435!\",\"publisher\":{\"@id\":\"https:\/\/www.deutsche-grosswaelzlager.de\/de\/#organization\"},\"potentialAction\":[{\"@type\":\"SearchAction\",\"target\":{\"@type\":\"EntryPoint\",\"urlTemplate\":\"https:\/\/www.deutsche-grosswaelzlager.de\/de\/?s={search_term_string}\"},\"query-input\":{\"@type\":\"PropertyValueSpecification\",\"valueRequired\":true,\"valueName\":\"search_term_string\"}}],\"inLanguage\":\"ru-RU\"},{\"@type\":\"Organization\",\"@id\":\"https:\/\/www.deutsche-grosswaelzlager.de\/de\/#organization\",\"name\":\"Deutsche Gro\u00dfw\u00e4lzlager GmbH\",\"url\":\"https:\/\/www.deutsche-grosswaelzlager.de\/de\/\",\"logo\":{\"@type\":\"ImageObject\",\"inLanguage\":\"ru-RU\",\"@id\":\"https:\/\/www.deutsche-grosswaelzlager.de\/de\/#\/schema\/logo\/image\/\",\"url\":\"https:\/\/www.deutsche-grosswaelzlager.de\/wp-content\/uploads\/2018\/01\/LOGO-DGW-0414-transparent.png\",\"contentUrl\":\"https:\/\/www.deutsche-grosswaelzlager.de\/wp-content\/uploads\/2018\/01\/LOGO-DGW-0414-transparent.png\",\"width\":200,\"height\":69,\"caption\":\"Deutsche Gro\u00dfw\u00e4lzlager GmbH\"},\"image\":{\"@id\":\"https:\/\/www.deutsche-grosswaelzlager.de\/de\/#\/schema\/logo\/image\/\"}}]}<\/script>\n<!-- \/ Yoast SEO plugin. -->","yoast_head_json":{"title":"Allgemeine Verkaufs- und Lieferbedingungen","robots":{"index":"index","follow":"follow","max-snippet":"max-snippet:-1","max-image-preview":"max-image-preview:large","max-video-preview":"max-video-preview:-1"},"canonical":"https:\/\/www.deutsche-grosswaelzlager.de\/ru\/unternehmen\/allgemeine-verkaufs-und-lieferbedingungen\/","og_locale":"ru_RU","og_type":"article","og_title":"[:de]Allgemeine Verkaufs- und Lieferbedingungen[:en]General Terms and Conditions of Sale and Delivery (2023-05)[:] - DGWL","og_description":"Allgemeine Verkaufs- und Lieferbedingungen der DGWL Deutsche Gro\u00dfw\u00e4lzlager GmbH 1. Alle unsere Leistungen und Angebote erfolgen ausschlie\u00dflich auf Grundlage dieser Allgemeinen Gesch\u00e4ftsbedingungen. Diese sind Bestandteil aller Vertr\u00e4ge, die wir \u2013 im Folgenden auch Auftr read more","og_url":"https:\/\/www.deutsche-grosswaelzlager.de\/ru\/unternehmen\/allgemeine-verkaufs-und-lieferbedingungen\/","og_site_name":"DGWL","article_modified_time":"2024-11-22T13:19:04+00:00","twitter_card":"summary_large_image","twitter_misc":{"\u041f\u0440\u0438\u043c\u0435\u0440\u043d\u043e\u0435 \u0432\u0440\u0435\u043c\u044f \u0434\u043b\u044f \u0447\u0442\u0435\u043d\u0438\u044f":"15 \u043c\u0438\u043d\u0443\u0442"},"schema":{"@context":"https:\/\/schema.org","@graph":[{"@type":"WebPage","@id":"https:\/\/www.deutsche-grosswaelzlager.de\/de\/unternehmen\/allgemeine-verkaufs-und-lieferbedingungen\/","url":"https:\/\/www.deutsche-grosswaelzlager.de\/de\/unternehmen\/allgemeine-verkaufs-und-lieferbedingungen\/","name":"Allgemeine Verkaufs- und Lieferbedingungen","isPartOf":{"@id":"https:\/\/www.deutsche-grosswaelzlager.de\/de\/#website"},"datePublished":"2018-01-18T14:49:19+00:00","dateModified":"2024-11-22T13:19:04+00:00","breadcrumb":{"@id":"https:\/\/www.deutsche-grosswaelzlager.de\/de\/unternehmen\/allgemeine-verkaufs-und-lieferbedingungen\/#breadcrumb"},"inLanguage":"ru-RU","potentialAction":[{"@type":"ReadAction","target":["https:\/\/www.deutsche-grosswaelzlager.de\/de\/unternehmen\/allgemeine-verkaufs-und-lieferbedingungen\/"]}]},{"@type":"BreadcrumbList","@id":"https:\/\/www.deutsche-grosswaelzlager.de\/de\/unternehmen\/allgemeine-verkaufs-und-lieferbedingungen\/#breadcrumb","itemListElement":[{"@type":"ListItem","position":1,"name":"Startseite","item":"https:\/\/www.deutsche-grosswaelzlager.de\/de\/"},{"@type":"ListItem","position":2,"name":"Unternehmen","item":"https:\/\/www.deutsche-grosswaelzlager.de\/ru\/unternehmen\/"},{"@type":"ListItem","position":3,"name":"Allgemeine Verkaufs- und Lieferbedingungen"}]},{"@type":"WebSite","@id":"https:\/\/www.deutsche-grosswaelzlager.de\/de\/#website","url":"https:\/\/www.deutsche-grosswaelzlager.de\/de\/","name":"DGWL","description":"\u0423\u043f\u043e\u0440 \u043d\u0430 \u0432\u0440\u0430\u0449\u0435\u043d\u0438\u0435!","publisher":{"@id":"https:\/\/www.deutsche-grosswaelzlager.de\/de\/#organization"},"potentialAction":[{"@type":"SearchAction","target":{"@type":"EntryPoint","urlTemplate":"https:\/\/www.deutsche-grosswaelzlager.de\/de\/?s={search_term_string}"},"query-input":{"@type":"PropertyValueSpecification","valueRequired":true,"valueName":"search_term_string"}}],"inLanguage":"ru-RU"},{"@type":"Organization","@id":"https:\/\/www.deutsche-grosswaelzlager.de\/de\/#organization","name":"Deutsche Gro\u00dfw\u00e4lzlager GmbH","url":"https:\/\/www.deutsche-grosswaelzlager.de\/de\/","logo":{"@type":"ImageObject","inLanguage":"ru-RU","@id":"https:\/\/www.deutsche-grosswaelzlager.de\/de\/#\/schema\/logo\/image\/","url":"https:\/\/www.deutsche-grosswaelzlager.de\/wp-content\/uploads\/2018\/01\/LOGO-DGW-0414-transparent.png","contentUrl":"https:\/\/www.deutsche-grosswaelzlager.de\/wp-content\/uploads\/2018\/01\/LOGO-DGW-0414-transparent.png","width":200,"height":69,"caption":"Deutsche Gro\u00dfw\u00e4lzlager GmbH"},"image":{"@id":"https:\/\/www.deutsche-grosswaelzlager.de\/de\/#\/schema\/logo\/image\/"}}]}},"_links":{"self":[{"href":"https:\/\/www.deutsche-grosswaelzlager.de\/ru\/wp-json\/wp\/v2\/pages\/2727","targetHints":{"allow":["GET"]}}],"collection":[{"href":"https:\/\/www.deutsche-grosswaelzlager.de\/ru\/wp-json\/wp\/v2\/pages"}],"about":[{"href":"https:\/\/www.deutsche-grosswaelzlager.de\/ru\/wp-json\/wp\/v2\/types\/page"}],"author":[{"embeddable":true,"href":"https:\/\/www.deutsche-grosswaelzlager.de\/ru\/wp-json\/wp\/v2\/users\/1"}],"replies":[{"embeddable":true,"href":"https:\/\/www.deutsche-grosswaelzlager.de\/ru\/wp-json\/wp\/v2\/comments?post=2727"}],"version-history":[{"count":11,"href":"https:\/\/www.deutsche-grosswaelzlager.de\/ru\/wp-json\/wp\/v2\/pages\/2727\/revisions"}],"predecessor-version":[{"id":4599,"href":"https:\/\/www.deutsche-grosswaelzlager.de\/ru\/wp-json\/wp\/v2\/pages\/2727\/revisions\/4599"}],"up":[{"embeddable":true,"href":"https:\/\/www.deutsche-grosswaelzlager.de\/ru\/wp-json\/wp\/v2\/pages\/2737"}],"wp:attachment":[{"href":"https:\/\/www.deutsche-grosswaelzlager.de\/ru\/wp-json\/wp\/v2\/media?parent=2727"}],"curies":[{"name":"wp","href":"https:\/\/api.w.org\/{rel}","templated":true}]}}