{"id":2732,"date":"2018-01-18T14:47:46","date_gmt":"2018-01-18T14:47:46","guid":{"rendered":"http:\/\/37.61.204.67\/?page_id=2732"},"modified":"2025-02-07T11:51:50","modified_gmt":"2025-02-07T11:51:50","slug":"cnc-bohrwerksdreher-in","status":"publish","type":"page","link":"https:\/\/www.deutsche-grosswaelzlager.de\/ru\/unternehmen\/stellenangebote\/cnc-bohrwerksdreher-in\/","title":{"rendered":"Reinigungskraft (m\/w\/d)"},"content":{"rendered":"<p>Reinigungskraft (m\/w\/d) Ihre Aufgaben:&nbsp; Reinigung unseres Verwaltungsgeb\u00e4udes Wir suchen f\u00fcr 15 Stunden pro Woche an zwei Arbeitstagen auf Teilzeitbasis. F\u00fchlen Sie sich angesprochen? Dann senden Sie bitte Ihre aussagef\u00e4higen Bewerbungsunterlagen mit Angabe Ihres fr\u00fches <a href=\"https:\/\/www.deutsche-grosswaelzlager.de\/ru\/unternehmen\/stellenangebote\/cnc-bohrwerksdreher-in\/\" title=\"Read more on Reinigungskraft (m\/w\/d)\" class=\"more-link\">read more<\/a><\/p>\n","protected":false},"excerpt":{"rendered":"<p>Reinigungskraft (m\/w\/d) Ihre Aufgaben:&nbsp; Reinigung unseres Verwaltungsgeb\u00e4udes Wir suchen f\u00fcr 15 Stunden pro Woche an zwei Arbeitstagen auf Teilzeitbasis. F\u00fchlen Sie sich angesprochen? Dann senden Sie bitte Ihre aussagef\u00e4higen Bewerbungsunterlagen mit Angabe Ihres fr\u00fches read&nbsp;more<\/p>\n","protected":false},"author":1,"featured_media":0,"parent":2735,"menu_order":3,"comment_status":"closed","ping_status":"closed","template":"","meta":{"wp_typography_post_enhancements_disabled":false,"footnotes":""},"class_list":["post-2732","page","type-page","status-publish","hentry","no-thumb"],"yoast_head":"<!-- This site is optimized with the Yoast SEO plugin v27.2 - https:\/\/yoast.com\/product\/yoast-seo-wordpress\/ -->\n<title>Reinigungskraft (m\/w\/d)<\/title>\n<meta name=\"robots\" content=\"index, follow, max-snippet:-1, max-image-preview:large, max-video-preview:-1\" \/>\n<link rel=\"canonical\" href=\"https:\/\/www.deutsche-grosswaelzlager.de\/ru\/unternehmen\/stellenangebote\/cnc-bohrwerksdreher-in\/\" \/>\n<meta property=\"og:locale\" content=\"ru_RU\" \/>\n<meta property=\"og:locale:alternate\" content=\"de_DE\" \/>\n<meta property=\"og:locale:alternate\" content=\"en_US\" \/>\n<meta property=\"og:type\" content=\"article\" \/>\n<meta property=\"og:title\" content=\"Reinigungskraft (m\/w\/d)\" \/>\n<meta property=\"og:description\" content=\"Reinigungskraft (m\/w\/d) Ihre Aufgaben:&nbsp; Reinigung unseres Verwaltungsgeb\u00e4udes Wir suchen f\u00fcr 15 Stunden pro Woche an zwei Arbeitstagen auf Teilzeitbasis. F\u00fchlen Sie sich angesprochen? Dann senden Sie bitte Ihre aussagef\u00e4higen Bewerbungsunterlagen mit Angabe Ihres fr\u00fches read more\" \/>\n<meta property=\"og:url\" content=\"https:\/\/www.deutsche-grosswaelzlager.de\/ru\/unternehmen\/stellenangebote\/cnc-bohrwerksdreher-in\/\" \/>\n<meta property=\"og:site_name\" content=\"DGWL\" \/>\n<meta property=\"article:modified_time\" content=\"2025-02-07T11:51:50+00:00\" \/>\n<meta name=\"twitter:card\" content=\"summary_large_image\" \/>\n<meta name=\"twitter:label1\" content=\"\u041f\u0440\u0438\u043c\u0435\u0440\u043d\u043e\u0435 \u0432\u0440\u0435\u043c\u044f \u0434\u043b\u044f \u0447\u0442\u0435\u043d\u0438\u044f\" \/>\n\t<meta name=\"twitter:data1\" content=\"2 \u043c\u0438\u043d\u0443\u0442\u044b\" \/>\n<script type=\"application\/ld+json\" class=\"yoast-schema-graph\">{\"@context\":\"https:\/\/schema.org\",\"@graph\":[{\"@type\":\"WebPage\",\"@id\":\"https:\/\/www.deutsche-grosswaelzlager.de\/de\/unternehmen\/stellenangebote\/cnc-bohrwerksdreher-in\/\",\"url\":\"https:\/\/www.deutsche-grosswaelzlager.de\/de\/unternehmen\/stellenangebote\/cnc-bohrwerksdreher-in\/\",\"name\":\"Reinigungskraft (m\/w\/d)\",\"isPartOf\":{\"@id\":\"https:\/\/www.deutsche-grosswaelzlager.de\/de\/#website\"},\"datePublished\":\"2018-01-18T14:47:46+00:00\",\"dateModified\":\"2025-02-07T11:51:50+00:00\",\"breadcrumb\":{\"@id\":\"https:\/\/www.deutsche-grosswaelzlager.de\/de\/unternehmen\/stellenangebote\/cnc-bohrwerksdreher-in\/#breadcrumb\"},\"inLanguage\":\"ru-RU\",\"potentialAction\":[{\"@type\":\"ReadAction\",\"target\":[\"https:\/\/www.deutsche-grosswaelzlager.de\/de\/unternehmen\/stellenangebote\/cnc-bohrwerksdreher-in\/\"]}]},{\"@type\":\"BreadcrumbList\",\"@id\":\"https:\/\/www.deutsche-grosswaelzlager.de\/de\/unternehmen\/stellenangebote\/cnc-bohrwerksdreher-in\/#breadcrumb\",\"itemListElement\":[{\"@type\":\"ListItem\",\"position\":1,\"name\":\"Startseite\",\"item\":\"https:\/\/www.deutsche-grosswaelzlager.de\/de\/\"},{\"@type\":\"ListItem\",\"position\":2,\"name\":\"Unternehmen\",\"item\":\"https:\/\/www.deutsche-grosswaelzlager.de\/ru\/unternehmen\/\"},{\"@type\":\"ListItem\",\"position\":3,\"name\":\"Stellenangebote\",\"item\":\"https:\/\/www.deutsche-grosswaelzlager.de\/de\/unternehmen\/stellenangebote\/\"},{\"@type\":\"ListItem\",\"position\":4,\"name\":\"Reinigungskraft (m\/w\/d)\"}]},{\"@type\":\"WebSite\",\"@id\":\"https:\/\/www.deutsche-grosswaelzlager.de\/de\/#website\",\"url\":\"https:\/\/www.deutsche-grosswaelzlager.de\/de\/\",\"name\":\"DGWL\",\"description\":\"\u0423\u043f\u043e\u0440 \u043d\u0430 \u0432\u0440\u0430\u0449\u0435\u043d\u0438\u0435!\",\"publisher\":{\"@id\":\"https:\/\/www.deutsche-grosswaelzlager.de\/de\/#organization\"},\"potentialAction\":[{\"@type\":\"SearchAction\",\"target\":{\"@type\":\"EntryPoint\",\"urlTemplate\":\"https:\/\/www.deutsche-grosswaelzlager.de\/de\/?s={search_term_string}\"},\"query-input\":{\"@type\":\"PropertyValueSpecification\",\"valueRequired\":true,\"valueName\":\"search_term_string\"}}],\"inLanguage\":\"ru-RU\"},{\"@type\":\"Organization\",\"@id\":\"https:\/\/www.deutsche-grosswaelzlager.de\/de\/#organization\",\"name\":\"Deutsche Gro\u00dfw\u00e4lzlager GmbH\",\"url\":\"https:\/\/www.deutsche-grosswaelzlager.de\/de\/\",\"logo\":{\"@type\":\"ImageObject\",\"inLanguage\":\"ru-RU\",\"@id\":\"https:\/\/www.deutsche-grosswaelzlager.de\/de\/#\/schema\/logo\/image\/\",\"url\":\"https:\/\/www.deutsche-grosswaelzlager.de\/wp-content\/uploads\/2018\/01\/LOGO-DGW-0414-transparent.png\",\"contentUrl\":\"https:\/\/www.deutsche-grosswaelzlager.de\/wp-content\/uploads\/2018\/01\/LOGO-DGW-0414-transparent.png\",\"width\":200,\"height\":69,\"caption\":\"Deutsche Gro\u00dfw\u00e4lzlager GmbH\"},\"image\":{\"@id\":\"https:\/\/www.deutsche-grosswaelzlager.de\/de\/#\/schema\/logo\/image\/\"}}]}<\/script>\n<!-- \/ Yoast SEO plugin. -->","yoast_head_json":{"title":"Reinigungskraft (m\/w\/d)","robots":{"index":"index","follow":"follow","max-snippet":"max-snippet:-1","max-image-preview":"max-image-preview:large","max-video-preview":"max-video-preview:-1"},"canonical":"https:\/\/www.deutsche-grosswaelzlager.de\/ru\/unternehmen\/stellenangebote\/cnc-bohrwerksdreher-in\/","og_locale":"ru_RU","og_type":"article","og_title":"[:de]Reinigungskraft (m\/w\/d)[:en]CNC-Bohrwerksdreher\/-in[:] - DGWL","og_description":"Reinigungskraft (m\/w\/d) Ihre Aufgaben:&nbsp; Reinigung unseres Verwaltungsgeb\u00e4udes Wir suchen f\u00fcr 15 Stunden pro Woche an zwei Arbeitstagen auf Teilzeitbasis. F\u00fchlen Sie sich angesprochen? Dann senden Sie bitte Ihre aussagef\u00e4higen Bewerbungsunterlagen mit Angabe Ihres fr\u00fches read more","og_url":"https:\/\/www.deutsche-grosswaelzlager.de\/ru\/unternehmen\/stellenangebote\/cnc-bohrwerksdreher-in\/","og_site_name":"DGWL","article_modified_time":"2025-02-07T11:51:50+00:00","twitter_card":"summary_large_image","twitter_misc":{"\u041f\u0440\u0438\u043c\u0435\u0440\u043d\u043e\u0435 \u0432\u0440\u0435\u043c\u044f \u0434\u043b\u044f \u0447\u0442\u0435\u043d\u0438\u044f":"2 \u043c\u0438\u043d\u0443\u0442\u044b"},"schema":{"@context":"https:\/\/schema.org","@graph":[{"@type":"WebPage","@id":"https:\/\/www.deutsche-grosswaelzlager.de\/de\/unternehmen\/stellenangebote\/cnc-bohrwerksdreher-in\/","url":"https:\/\/www.deutsche-grosswaelzlager.de\/de\/unternehmen\/stellenangebote\/cnc-bohrwerksdreher-in\/","name":"Reinigungskraft (m\/w\/d)","isPartOf":{"@id":"https:\/\/www.deutsche-grosswaelzlager.de\/de\/#website"},"datePublished":"2018-01-18T14:47:46+00:00","dateModified":"2025-02-07T11:51:50+00:00","breadcrumb":{"@id":"https:\/\/www.deutsche-grosswaelzlager.de\/de\/unternehmen\/stellenangebote\/cnc-bohrwerksdreher-in\/#breadcrumb"},"inLanguage":"ru-RU","potentialAction":[{"@type":"ReadAction","target":["https:\/\/www.deutsche-grosswaelzlager.de\/de\/unternehmen\/stellenangebote\/cnc-bohrwerksdreher-in\/"]}]},{"@type":"BreadcrumbList","@id":"https:\/\/www.deutsche-grosswaelzlager.de\/de\/unternehmen\/stellenangebote\/cnc-bohrwerksdreher-in\/#breadcrumb","itemListElement":[{"@type":"ListItem","position":1,"name":"Startseite","item":"https:\/\/www.deutsche-grosswaelzlager.de\/de\/"},{"@type":"ListItem","position":2,"name":"Unternehmen","item":"https:\/\/www.deutsche-grosswaelzlager.de\/ru\/unternehmen\/"},{"@type":"ListItem","position":3,"name":"Stellenangebote","item":"https:\/\/www.deutsche-grosswaelzlager.de\/de\/unternehmen\/stellenangebote\/"},{"@type":"ListItem","position":4,"name":"Reinigungskraft (m\/w\/d)"}]},{"@type":"WebSite","@id":"https:\/\/www.deutsche-grosswaelzlager.de\/de\/#website","url":"https:\/\/www.deutsche-grosswaelzlager.de\/de\/","name":"DGWL","description":"\u0423\u043f\u043e\u0440 \u043d\u0430 \u0432\u0440\u0430\u0449\u0435\u043d\u0438\u0435!","publisher":{"@id":"https:\/\/www.deutsche-grosswaelzlager.de\/de\/#organization"},"potentialAction":[{"@type":"SearchAction","target":{"@type":"EntryPoint","urlTemplate":"https:\/\/www.deutsche-grosswaelzlager.de\/de\/?s={search_term_string}"},"query-input":{"@type":"PropertyValueSpecification","valueRequired":true,"valueName":"search_term_string"}}],"inLanguage":"ru-RU"},{"@type":"Organization","@id":"https:\/\/www.deutsche-grosswaelzlager.de\/de\/#organization","name":"Deutsche Gro\u00dfw\u00e4lzlager GmbH","url":"https:\/\/www.deutsche-grosswaelzlager.de\/de\/","logo":{"@type":"ImageObject","inLanguage":"ru-RU","@id":"https:\/\/www.deutsche-grosswaelzlager.de\/de\/#\/schema\/logo\/image\/","url":"https:\/\/www.deutsche-grosswaelzlager.de\/wp-content\/uploads\/2018\/01\/LOGO-DGW-0414-transparent.png","contentUrl":"https:\/\/www.deutsche-grosswaelzlager.de\/wp-content\/uploads\/2018\/01\/LOGO-DGW-0414-transparent.png","width":200,"height":69,"caption":"Deutsche Gro\u00dfw\u00e4lzlager GmbH"},"image":{"@id":"https:\/\/www.deutsche-grosswaelzlager.de\/de\/#\/schema\/logo\/image\/"}}]}},"_links":{"self":[{"href":"https:\/\/www.deutsche-grosswaelzlager.de\/ru\/wp-json\/wp\/v2\/pages\/2732","targetHints":{"allow":["GET"]}}],"collection":[{"href":"https:\/\/www.deutsche-grosswaelzlager.de\/ru\/wp-json\/wp\/v2\/pages"}],"about":[{"href":"https:\/\/www.deutsche-grosswaelzlager.de\/ru\/wp-json\/wp\/v2\/types\/page"}],"author":[{"embeddable":true,"href":"https:\/\/www.deutsche-grosswaelzlager.de\/ru\/wp-json\/wp\/v2\/users\/1"}],"replies":[{"embeddable":true,"href":"https:\/\/www.deutsche-grosswaelzlager.de\/ru\/wp-json\/wp\/v2\/comments?post=2732"}],"version-history":[{"count":12,"href":"https:\/\/www.deutsche-grosswaelzlager.de\/ru\/wp-json\/wp\/v2\/pages\/2732\/revisions"}],"predecessor-version":[{"id":4644,"href":"https:\/\/www.deutsche-grosswaelzlager.de\/ru\/wp-json\/wp\/v2\/pages\/2732\/revisions\/4644"}],"up":[{"embeddable":true,"href":"https:\/\/www.deutsche-grosswaelzlager.de\/ru\/wp-json\/wp\/v2\/pages\/2735"}],"wp:attachment":[{"href":"https:\/\/www.deutsche-grosswaelzlager.de\/ru\/wp-json\/wp\/v2\/media?parent=2732"}],"curies":[{"name":"wp","href":"https:\/\/api.w.org\/{rel}","templated":true}]}}