{"id":2739,"date":"2018-01-18T14:44:55","date_gmt":"2018-01-18T14:44:55","guid":{"rendered":"http:\/\/37.61.204.67\/?page_id=2739"},"modified":"2018-02-26T13:33:36","modified_gmt":"2018-02-26T13:33:36","slug":"induktives-randschichthaerten","status":"publish","type":"page","link":"https:\/\/www.deutsche-grosswaelzlager.de\/ru\/lohnarbeiten-2\/induktives-randschichthaerten\/","title":{"rendered":"induktives Randschichth\u00e4rten"},"content":{"rendered":"<p>Lohnarbeiten im Bereich induktives Randschichth\u00e4rten Slideshow Element Text &nbsp; &nbsp; Wir h\u00e4rten auch f\u00fcr Sie Verzahnungen und Geometrien im Bereich zwischen 500 mm und 8.000 mm \u2013 segmentiert auch gr\u00f6\u00dfer &nbsp; Induktivh\u00e4rten oder auch Induktionsh\u00e4rten ist eine spez <a href=\"https:\/\/www.deutsche-grosswaelzlager.de\/ru\/lohnarbeiten-2\/induktives-randschichthaerten\/\" title=\"Read more on induktives Randschichth\u00e4rten\" class=\"more-link\">read more<\/a><\/p>\n","protected":false},"excerpt":{"rendered":"<p>Lohnarbeiten im Bereich induktives Randschichth\u00e4rten Slideshow Element Text &nbsp; &nbsp; Wir h\u00e4rten auch f\u00fcr Sie Verzahnungen und Geometrien im Bereich zwischen 500 mm und 8.000 mm \u2013 segmentiert auch gr\u00f6\u00dfer &nbsp; Induktivh\u00e4rten oder auch Induktionsh\u00e4rten ist eine spez read&nbsp;more<\/p>\n","protected":false},"author":1,"featured_media":0,"parent":2741,"menu_order":1,"comment_status":"closed","ping_status":"closed","template":"","meta":{"wp_typography_post_enhancements_disabled":false,"footnotes":""},"class_list":["post-2739","page","type-page","status-publish","hentry","no-thumb"],"yoast_head":"<!-- This site is optimized with the Yoast SEO plugin v27.2 - https:\/\/yoast.com\/product\/yoast-seo-wordpress\/ -->\n<title>induktives Randschichth\u00e4rten<\/title>\n<meta name=\"robots\" content=\"index, follow, max-snippet:-1, max-image-preview:large, max-video-preview:-1\" \/>\n<link rel=\"canonical\" href=\"https:\/\/www.deutsche-grosswaelzlager.de\/ru\/lohnarbeiten-2\/induktives-randschichthaerten\/\" \/>\n<meta property=\"og:locale\" content=\"ru_RU\" \/>\n<meta property=\"og:locale:alternate\" content=\"de_DE\" \/>\n<meta property=\"og:locale:alternate\" content=\"en_US\" \/>\n<meta property=\"og:type\" content=\"article\" \/>\n<meta property=\"og:title\" content=\"induktives Randschichth\u00e4rten\" \/>\n<meta property=\"og:description\" content=\"Lohnarbeiten im Bereich induktives Randschichth\u00e4rten Slideshow Element Text &nbsp; &nbsp; Wir h\u00e4rten auch f\u00fcr Sie Verzahnungen und Geometrien im Bereich zwischen 500 mm und 8.000 mm \u2013 segmentiert auch gr\u00f6\u00dfer &nbsp; Induktivh\u00e4rten oder auch Induktionsh\u00e4rten ist eine spez read more\" \/>\n<meta property=\"og:url\" content=\"https:\/\/www.deutsche-grosswaelzlager.de\/ru\/lohnarbeiten-2\/induktives-randschichthaerten\/\" \/>\n<meta property=\"og:site_name\" content=\"DGWL\" \/>\n<meta property=\"article:modified_time\" content=\"2018-02-26T13:33:36+00:00\" \/>\n<meta name=\"twitter:card\" content=\"summary_large_image\" \/>\n<meta name=\"twitter:label1\" content=\"\u041f\u0440\u0438\u043c\u0435\u0440\u043d\u043e\u0435 \u0432\u0440\u0435\u043c\u044f \u0434\u043b\u044f \u0447\u0442\u0435\u043d\u0438\u044f\" \/>\n\t<meta name=\"twitter:data1\" content=\"15 \u043c\u0438\u043d\u0443\u0442\" \/>\n<script type=\"application\/ld+json\" class=\"yoast-schema-graph\">{\"@context\":\"https:\/\/schema.org\",\"@graph\":[{\"@type\":\"WebPage\",\"@id\":\"https:\/\/www.deutsche-grosswaelzlager.de\/de\/lohnarbeiten-2\/induktives-randschichthaerten\/\",\"url\":\"https:\/\/www.deutsche-grosswaelzlager.de\/de\/lohnarbeiten-2\/induktives-randschichthaerten\/\",\"name\":\"induktives Randschichth\u00e4rten\",\"isPartOf\":{\"@id\":\"https:\/\/www.deutsche-grosswaelzlager.de\/de\/#website\"},\"datePublished\":\"2018-01-18T14:44:55+00:00\",\"dateModified\":\"2018-02-26T13:33:36+00:00\",\"breadcrumb\":{\"@id\":\"https:\/\/www.deutsche-grosswaelzlager.de\/de\/lohnarbeiten-2\/induktives-randschichthaerten\/#breadcrumb\"},\"inLanguage\":\"ru-RU\",\"potentialAction\":[{\"@type\":\"ReadAction\",\"target\":[\"https:\/\/www.deutsche-grosswaelzlager.de\/de\/lohnarbeiten-2\/induktives-randschichthaerten\/\"]}]},{\"@type\":\"BreadcrumbList\",\"@id\":\"https:\/\/www.deutsche-grosswaelzlager.de\/de\/lohnarbeiten-2\/induktives-randschichthaerten\/#breadcrumb\",\"itemListElement\":[{\"@type\":\"ListItem\",\"position\":1,\"name\":\"Startseite\",\"item\":\"https:\/\/www.deutsche-grosswaelzlager.de\/de\/\"},{\"@type\":\"ListItem\",\"position\":2,\"name\":\"Lohnarbeiten\",\"item\":\"https:\/\/www.deutsche-grosswaelzlager.de\/de\/lohnarbeiten-2\/\"},{\"@type\":\"ListItem\",\"position\":3,\"name\":\"induktives Randschichth\u00e4rten\"}]},{\"@type\":\"WebSite\",\"@id\":\"https:\/\/www.deutsche-grosswaelzlager.de\/de\/#website\",\"url\":\"https:\/\/www.deutsche-grosswaelzlager.de\/de\/\",\"name\":\"DGWL\",\"description\":\"\u0423\u043f\u043e\u0440 \u043d\u0430 \u0432\u0440\u0430\u0449\u0435\u043d\u0438\u0435!\",\"publisher\":{\"@id\":\"https:\/\/www.deutsche-grosswaelzlager.de\/de\/#organization\"},\"potentialAction\":[{\"@type\":\"SearchAction\",\"target\":{\"@type\":\"EntryPoint\",\"urlTemplate\":\"https:\/\/www.deutsche-grosswaelzlager.de\/de\/?s={search_term_string}\"},\"query-input\":{\"@type\":\"PropertyValueSpecification\",\"valueRequired\":true,\"valueName\":\"search_term_string\"}}],\"inLanguage\":\"ru-RU\"},{\"@type\":\"Organization\",\"@id\":\"https:\/\/www.deutsche-grosswaelzlager.de\/de\/#organization\",\"name\":\"Deutsche Gro\u00dfw\u00e4lzlager GmbH\",\"url\":\"https:\/\/www.deutsche-grosswaelzlager.de\/de\/\",\"logo\":{\"@type\":\"ImageObject\",\"inLanguage\":\"ru-RU\",\"@id\":\"https:\/\/www.deutsche-grosswaelzlager.de\/de\/#\/schema\/logo\/image\/\",\"url\":\"https:\/\/www.deutsche-grosswaelzlager.de\/wp-content\/uploads\/2018\/01\/LOGO-DGW-0414-transparent.png\",\"contentUrl\":\"https:\/\/www.deutsche-grosswaelzlager.de\/wp-content\/uploads\/2018\/01\/LOGO-DGW-0414-transparent.png\",\"width\":200,\"height\":69,\"caption\":\"Deutsche Gro\u00dfw\u00e4lzlager GmbH\"},\"image\":{\"@id\":\"https:\/\/www.deutsche-grosswaelzlager.de\/de\/#\/schema\/logo\/image\/\"}}]}<\/script>\n<!-- \/ Yoast SEO plugin. -->","yoast_head_json":{"title":"induktives Randschichth\u00e4rten","robots":{"index":"index","follow":"follow","max-snippet":"max-snippet:-1","max-image-preview":"max-image-preview:large","max-video-preview":"max-video-preview:-1"},"canonical":"https:\/\/www.deutsche-grosswaelzlager.de\/ru\/lohnarbeiten-2\/induktives-randschichthaerten\/","og_locale":"ru_RU","og_type":"article","og_title":"[:de]induktives Randschichth\u00e4rten[:en]SURFACE LAYER HARDENING[:] - DGWL","og_description":"Lohnarbeiten im Bereich induktives Randschichth\u00e4rten Slideshow Element Text &nbsp; &nbsp; Wir h\u00e4rten auch f\u00fcr Sie Verzahnungen und Geometrien im Bereich zwischen 500 mm und 8.000 mm \u2013 segmentiert auch gr\u00f6\u00dfer &nbsp; Induktivh\u00e4rten oder auch Induktionsh\u00e4rten ist eine spez read more","og_url":"https:\/\/www.deutsche-grosswaelzlager.de\/ru\/lohnarbeiten-2\/induktives-randschichthaerten\/","og_site_name":"DGWL","article_modified_time":"2018-02-26T13:33:36+00:00","twitter_card":"summary_large_image","twitter_misc":{"\u041f\u0440\u0438\u043c\u0435\u0440\u043d\u043e\u0435 \u0432\u0440\u0435\u043c\u044f \u0434\u043b\u044f \u0447\u0442\u0435\u043d\u0438\u044f":"15 \u043c\u0438\u043d\u0443\u0442"},"schema":{"@context":"https:\/\/schema.org","@graph":[{"@type":"WebPage","@id":"https:\/\/www.deutsche-grosswaelzlager.de\/de\/lohnarbeiten-2\/induktives-randschichthaerten\/","url":"https:\/\/www.deutsche-grosswaelzlager.de\/de\/lohnarbeiten-2\/induktives-randschichthaerten\/","name":"induktives Randschichth\u00e4rten","isPartOf":{"@id":"https:\/\/www.deutsche-grosswaelzlager.de\/de\/#website"},"datePublished":"2018-01-18T14:44:55+00:00","dateModified":"2018-02-26T13:33:36+00:00","breadcrumb":{"@id":"https:\/\/www.deutsche-grosswaelzlager.de\/de\/lohnarbeiten-2\/induktives-randschichthaerten\/#breadcrumb"},"inLanguage":"ru-RU","potentialAction":[{"@type":"ReadAction","target":["https:\/\/www.deutsche-grosswaelzlager.de\/de\/lohnarbeiten-2\/induktives-randschichthaerten\/"]}]},{"@type":"BreadcrumbList","@id":"https:\/\/www.deutsche-grosswaelzlager.de\/de\/lohnarbeiten-2\/induktives-randschichthaerten\/#breadcrumb","itemListElement":[{"@type":"ListItem","position":1,"name":"Startseite","item":"https:\/\/www.deutsche-grosswaelzlager.de\/de\/"},{"@type":"ListItem","position":2,"name":"Lohnarbeiten","item":"https:\/\/www.deutsche-grosswaelzlager.de\/de\/lohnarbeiten-2\/"},{"@type":"ListItem","position":3,"name":"induktives Randschichth\u00e4rten"}]},{"@type":"WebSite","@id":"https:\/\/www.deutsche-grosswaelzlager.de\/de\/#website","url":"https:\/\/www.deutsche-grosswaelzlager.de\/de\/","name":"DGWL","description":"\u0423\u043f\u043e\u0440 \u043d\u0430 \u0432\u0440\u0430\u0449\u0435\u043d\u0438\u0435!","publisher":{"@id":"https:\/\/www.deutsche-grosswaelzlager.de\/de\/#organization"},"potentialAction":[{"@type":"SearchAction","target":{"@type":"EntryPoint","urlTemplate":"https:\/\/www.deutsche-grosswaelzlager.de\/de\/?s={search_term_string}"},"query-input":{"@type":"PropertyValueSpecification","valueRequired":true,"valueName":"search_term_string"}}],"inLanguage":"ru-RU"},{"@type":"Organization","@id":"https:\/\/www.deutsche-grosswaelzlager.de\/de\/#organization","name":"Deutsche Gro\u00dfw\u00e4lzlager GmbH","url":"https:\/\/www.deutsche-grosswaelzlager.de\/de\/","logo":{"@type":"ImageObject","inLanguage":"ru-RU","@id":"https:\/\/www.deutsche-grosswaelzlager.de\/de\/#\/schema\/logo\/image\/","url":"https:\/\/www.deutsche-grosswaelzlager.de\/wp-content\/uploads\/2018\/01\/LOGO-DGW-0414-transparent.png","contentUrl":"https:\/\/www.deutsche-grosswaelzlager.de\/wp-content\/uploads\/2018\/01\/LOGO-DGW-0414-transparent.png","width":200,"height":69,"caption":"Deutsche Gro\u00dfw\u00e4lzlager GmbH"},"image":{"@id":"https:\/\/www.deutsche-grosswaelzlager.de\/de\/#\/schema\/logo\/image\/"}}]}},"_links":{"self":[{"href":"https:\/\/www.deutsche-grosswaelzlager.de\/ru\/wp-json\/wp\/v2\/pages\/2739","targetHints":{"allow":["GET"]}}],"collection":[{"href":"https:\/\/www.deutsche-grosswaelzlager.de\/ru\/wp-json\/wp\/v2\/pages"}],"about":[{"href":"https:\/\/www.deutsche-grosswaelzlager.de\/ru\/wp-json\/wp\/v2\/types\/page"}],"author":[{"embeddable":true,"href":"https:\/\/www.deutsche-grosswaelzlager.de\/ru\/wp-json\/wp\/v2\/users\/1"}],"replies":[{"embeddable":true,"href":"https:\/\/www.deutsche-grosswaelzlager.de\/ru\/wp-json\/wp\/v2\/comments?post=2739"}],"version-history":[{"count":15,"href":"https:\/\/www.deutsche-grosswaelzlager.de\/ru\/wp-json\/wp\/v2\/pages\/2739\/revisions"}],"predecessor-version":[{"id":3765,"href":"https:\/\/www.deutsche-grosswaelzlager.de\/ru\/wp-json\/wp\/v2\/pages\/2739\/revisions\/3765"}],"up":[{"embeddable":true,"href":"https:\/\/www.deutsche-grosswaelzlager.de\/ru\/wp-json\/wp\/v2\/pages\/2741"}],"wp:attachment":[{"href":"https:\/\/www.deutsche-grosswaelzlager.de\/ru\/wp-json\/wp\/v2\/media?parent=2739"}],"curies":[{"name":"wp","href":"https:\/\/api.w.org\/{rel}","templated":true}]}}