{"id":3520,"date":"2018-02-21T09:57:35","date_gmt":"2018-02-21T09:57:35","guid":{"rendered":"http:\/\/37.61.204.67\/?page_id=3520"},"modified":"2019-03-06T15:29:55","modified_gmt":"2019-03-06T15:29:55","slug":"zahnkraenze","status":"publish","type":"page","link":"https:\/\/www.deutsche-grosswaelzlager.de\/ru\/zahnkraenze\/","title":{"rendered":"Zahnkr\u00e4nze"},"content":{"rendered":"<p>Zahnkr\u00e4nze Ein Zahnkranz ist ein gro\u00dfer, innen- oder au\u00dfenverzahnter Zahnradring mit verh\u00e4ltnism\u00e4\u00dfig kleiner Wandst\u00e4rke. Er umschlie\u00dft in der Regel gro\u00dfe zylinderf\u00f6rmige Bauteile und ist oftmals aus Gr\u00fcnden seiner Montierbarkeit geteilt ausgef\u00fchrt (zweiteilig, vierteili <a href=\"https:\/\/www.deutsche-grosswaelzlager.de\/ru\/zahnkraenze\/\" title=\"Read more on Zahnkr\u00e4nze\" class=\"more-link\">read more<\/a><\/p>\n","protected":false},"excerpt":{"rendered":"<p>Zahnkr\u00e4nze Ein Zahnkranz ist ein gro\u00dfer, innen- oder au\u00dfenverzahnter Zahnradring mit verh\u00e4ltnism\u00e4\u00dfig kleiner Wandst\u00e4rke. Er umschlie\u00dft in der Regel gro\u00dfe zylinderf\u00f6rmige Bauteile und ist oftmals aus Gr\u00fcnden seiner Montierbarkeit geteilt ausgef\u00fchrt (zweiteilig, vierteili read&nbsp;more<\/p>\n","protected":false},"author":2,"featured_media":0,"parent":0,"menu_order":0,"comment_status":"closed","ping_status":"closed","template":"","meta":{"wp_typography_post_enhancements_disabled":false,"footnotes":""},"class_list":["post-3520","page","type-page","status-publish","hentry","no-thumb"],"yoast_head":"<!-- This site is optimized with the Yoast SEO plugin v27.2 - https:\/\/yoast.com\/product\/yoast-seo-wordpress\/ -->\n<title>Zahnkr\u00e4nze<\/title>\n<meta name=\"robots\" content=\"index, follow, max-snippet:-1, max-image-preview:large, max-video-preview:-1\" \/>\n<link rel=\"canonical\" href=\"https:\/\/www.deutsche-grosswaelzlager.de\/ru\/zahnkraenze\/\" \/>\n<meta property=\"og:locale\" content=\"ru_RU\" \/>\n<meta property=\"og:locale:alternate\" content=\"de_DE\" \/>\n<meta property=\"og:locale:alternate\" content=\"en_US\" \/>\n<meta property=\"og:type\" content=\"article\" \/>\n<meta property=\"og:title\" content=\"Zahnkr\u00e4nze\" \/>\n<meta property=\"og:description\" content=\"Zahnkr\u00e4nze Ein Zahnkranz ist ein gro\u00dfer, innen- oder au\u00dfenverzahnter Zahnradring mit verh\u00e4ltnism\u00e4\u00dfig kleiner Wandst\u00e4rke. Er umschlie\u00dft in der Regel gro\u00dfe zylinderf\u00f6rmige Bauteile und ist oftmals aus Gr\u00fcnden seiner Montierbarkeit geteilt ausgef\u00fchrt (zweiteilig, vierteili read more\" \/>\n<meta property=\"og:url\" content=\"https:\/\/www.deutsche-grosswaelzlager.de\/ru\/zahnkraenze\/\" \/>\n<meta property=\"og:site_name\" content=\"DGWL\" \/>\n<meta property=\"article:modified_time\" content=\"2019-03-06T15:29:55+00:00\" \/>\n<meta name=\"twitter:card\" content=\"summary_large_image\" \/>\n<meta name=\"twitter:label1\" content=\"\u041f\u0440\u0438\u043c\u0435\u0440\u043d\u043e\u0435 \u0432\u0440\u0435\u043c\u044f \u0434\u043b\u044f \u0447\u0442\u0435\u043d\u0438\u044f\" \/>\n\t<meta name=\"twitter:data1\" content=\"9 \u043c\u0438\u043d\u0443\u0442\" \/>\n<script type=\"application\/ld+json\" class=\"yoast-schema-graph\">{\"@context\":\"https:\/\/schema.org\",\"@graph\":[{\"@type\":\"WebPage\",\"@id\":\"https:\/\/www.deutsche-grosswaelzlager.de\/de\/zahnkraenze\/\",\"url\":\"https:\/\/www.deutsche-grosswaelzlager.de\/de\/zahnkraenze\/\",\"name\":\"Zahnkr\u00e4nze\",\"isPartOf\":{\"@id\":\"https:\/\/www.deutsche-grosswaelzlager.de\/de\/#website\"},\"datePublished\":\"2018-02-21T09:57:35+00:00\",\"dateModified\":\"2019-03-06T15:29:55+00:00\",\"breadcrumb\":{\"@id\":\"https:\/\/www.deutsche-grosswaelzlager.de\/de\/zahnkraenze\/#breadcrumb\"},\"inLanguage\":\"ru-RU\",\"potentialAction\":[{\"@type\":\"ReadAction\",\"target\":[\"https:\/\/www.deutsche-grosswaelzlager.de\/de\/zahnkraenze\/\"]}]},{\"@type\":\"BreadcrumbList\",\"@id\":\"https:\/\/www.deutsche-grosswaelzlager.de\/de\/zahnkraenze\/#breadcrumb\",\"itemListElement\":[{\"@type\":\"ListItem\",\"position\":1,\"name\":\"Startseite\",\"item\":\"https:\/\/www.deutsche-grosswaelzlager.de\/de\/\"},{\"@type\":\"ListItem\",\"position\":2,\"name\":\"Zahnkr\u00e4nze\"}]},{\"@type\":\"WebSite\",\"@id\":\"https:\/\/www.deutsche-grosswaelzlager.de\/de\/#website\",\"url\":\"https:\/\/www.deutsche-grosswaelzlager.de\/de\/\",\"name\":\"DGWL\",\"description\":\"\u0423\u043f\u043e\u0440 \u043d\u0430 \u0432\u0440\u0430\u0449\u0435\u043d\u0438\u0435!\",\"publisher\":{\"@id\":\"https:\/\/www.deutsche-grosswaelzlager.de\/de\/#organization\"},\"potentialAction\":[{\"@type\":\"SearchAction\",\"target\":{\"@type\":\"EntryPoint\",\"urlTemplate\":\"https:\/\/www.deutsche-grosswaelzlager.de\/de\/?s={search_term_string}\"},\"query-input\":{\"@type\":\"PropertyValueSpecification\",\"valueRequired\":true,\"valueName\":\"search_term_string\"}}],\"inLanguage\":\"ru-RU\"},{\"@type\":\"Organization\",\"@id\":\"https:\/\/www.deutsche-grosswaelzlager.de\/de\/#organization\",\"name\":\"Deutsche Gro\u00dfw\u00e4lzlager GmbH\",\"url\":\"https:\/\/www.deutsche-grosswaelzlager.de\/de\/\",\"logo\":{\"@type\":\"ImageObject\",\"inLanguage\":\"ru-RU\",\"@id\":\"https:\/\/www.deutsche-grosswaelzlager.de\/de\/#\/schema\/logo\/image\/\",\"url\":\"https:\/\/www.deutsche-grosswaelzlager.de\/wp-content\/uploads\/2018\/01\/LOGO-DGW-0414-transparent.png\",\"contentUrl\":\"https:\/\/www.deutsche-grosswaelzlager.de\/wp-content\/uploads\/2018\/01\/LOGO-DGW-0414-transparent.png\",\"width\":200,\"height\":69,\"caption\":\"Deutsche Gro\u00dfw\u00e4lzlager GmbH\"},\"image\":{\"@id\":\"https:\/\/www.deutsche-grosswaelzlager.de\/de\/#\/schema\/logo\/image\/\"}}]}<\/script>\n<!-- \/ Yoast SEO plugin. -->","yoast_head_json":{"title":"Zahnkr\u00e4nze","robots":{"index":"index","follow":"follow","max-snippet":"max-snippet:-1","max-image-preview":"max-image-preview:large","max-video-preview":"max-video-preview:-1"},"canonical":"https:\/\/www.deutsche-grosswaelzlager.de\/ru\/zahnkraenze\/","og_locale":"ru_RU","og_type":"article","og_title":"[:de]Zahnkr\u00e4nze[:en]Gear rims[:] - DGWL","og_description":"Zahnkr\u00e4nze Ein Zahnkranz ist ein gro\u00dfer, innen- oder au\u00dfenverzahnter Zahnradring mit verh\u00e4ltnism\u00e4\u00dfig kleiner Wandst\u00e4rke. Er umschlie\u00dft in der Regel gro\u00dfe zylinderf\u00f6rmige Bauteile und ist oftmals aus Gr\u00fcnden seiner Montierbarkeit geteilt ausgef\u00fchrt (zweiteilig, vierteili read more","og_url":"https:\/\/www.deutsche-grosswaelzlager.de\/ru\/zahnkraenze\/","og_site_name":"DGWL","article_modified_time":"2019-03-06T15:29:55+00:00","twitter_card":"summary_large_image","twitter_misc":{"\u041f\u0440\u0438\u043c\u0435\u0440\u043d\u043e\u0435 \u0432\u0440\u0435\u043c\u044f \u0434\u043b\u044f \u0447\u0442\u0435\u043d\u0438\u044f":"9 \u043c\u0438\u043d\u0443\u0442"},"schema":{"@context":"https:\/\/schema.org","@graph":[{"@type":"WebPage","@id":"https:\/\/www.deutsche-grosswaelzlager.de\/de\/zahnkraenze\/","url":"https:\/\/www.deutsche-grosswaelzlager.de\/de\/zahnkraenze\/","name":"Zahnkr\u00e4nze","isPartOf":{"@id":"https:\/\/www.deutsche-grosswaelzlager.de\/de\/#website"},"datePublished":"2018-02-21T09:57:35+00:00","dateModified":"2019-03-06T15:29:55+00:00","breadcrumb":{"@id":"https:\/\/www.deutsche-grosswaelzlager.de\/de\/zahnkraenze\/#breadcrumb"},"inLanguage":"ru-RU","potentialAction":[{"@type":"ReadAction","target":["https:\/\/www.deutsche-grosswaelzlager.de\/de\/zahnkraenze\/"]}]},{"@type":"BreadcrumbList","@id":"https:\/\/www.deutsche-grosswaelzlager.de\/de\/zahnkraenze\/#breadcrumb","itemListElement":[{"@type":"ListItem","position":1,"name":"Startseite","item":"https:\/\/www.deutsche-grosswaelzlager.de\/de\/"},{"@type":"ListItem","position":2,"name":"Zahnkr\u00e4nze"}]},{"@type":"WebSite","@id":"https:\/\/www.deutsche-grosswaelzlager.de\/de\/#website","url":"https:\/\/www.deutsche-grosswaelzlager.de\/de\/","name":"DGWL","description":"\u0423\u043f\u043e\u0440 \u043d\u0430 \u0432\u0440\u0430\u0449\u0435\u043d\u0438\u0435!","publisher":{"@id":"https:\/\/www.deutsche-grosswaelzlager.de\/de\/#organization"},"potentialAction":[{"@type":"SearchAction","target":{"@type":"EntryPoint","urlTemplate":"https:\/\/www.deutsche-grosswaelzlager.de\/de\/?s={search_term_string}"},"query-input":{"@type":"PropertyValueSpecification","valueRequired":true,"valueName":"search_term_string"}}],"inLanguage":"ru-RU"},{"@type":"Organization","@id":"https:\/\/www.deutsche-grosswaelzlager.de\/de\/#organization","name":"Deutsche Gro\u00dfw\u00e4lzlager GmbH","url":"https:\/\/www.deutsche-grosswaelzlager.de\/de\/","logo":{"@type":"ImageObject","inLanguage":"ru-RU","@id":"https:\/\/www.deutsche-grosswaelzlager.de\/de\/#\/schema\/logo\/image\/","url":"https:\/\/www.deutsche-grosswaelzlager.de\/wp-content\/uploads\/2018\/01\/LOGO-DGW-0414-transparent.png","contentUrl":"https:\/\/www.deutsche-grosswaelzlager.de\/wp-content\/uploads\/2018\/01\/LOGO-DGW-0414-transparent.png","width":200,"height":69,"caption":"Deutsche Gro\u00dfw\u00e4lzlager GmbH"},"image":{"@id":"https:\/\/www.deutsche-grosswaelzlager.de\/de\/#\/schema\/logo\/image\/"}}]}},"_links":{"self":[{"href":"https:\/\/www.deutsche-grosswaelzlager.de\/ru\/wp-json\/wp\/v2\/pages\/3520","targetHints":{"allow":["GET"]}}],"collection":[{"href":"https:\/\/www.deutsche-grosswaelzlager.de\/ru\/wp-json\/wp\/v2\/pages"}],"about":[{"href":"https:\/\/www.deutsche-grosswaelzlager.de\/ru\/wp-json\/wp\/v2\/types\/page"}],"author":[{"embeddable":true,"href":"https:\/\/www.deutsche-grosswaelzlager.de\/ru\/wp-json\/wp\/v2\/users\/2"}],"replies":[{"embeddable":true,"href":"https:\/\/www.deutsche-grosswaelzlager.de\/ru\/wp-json\/wp\/v2\/comments?post=3520"}],"version-history":[{"count":11,"href":"https:\/\/www.deutsche-grosswaelzlager.de\/ru\/wp-json\/wp\/v2\/pages\/3520\/revisions"}],"predecessor-version":[{"id":4607,"href":"https:\/\/www.deutsche-grosswaelzlager.de\/ru\/wp-json\/wp\/v2\/pages\/3520\/revisions\/4607"}],"wp:attachment":[{"href":"https:\/\/www.deutsche-grosswaelzlager.de\/ru\/wp-json\/wp\/v2\/media?parent=3520"}],"curies":[{"name":"wp","href":"https:\/\/api.w.org\/{rel}","templated":true}]}}