{"id":65,"date":"2016-04-11T08:25:29","date_gmt":"2016-04-11T08:25:29","guid":{"rendered":"http:\/\/37.61.204.67\/?page_id=65"},"modified":"2024-11-22T14:26:31","modified_gmt":"2024-11-22T14:26:31","slug":"home-2","status":"publish","type":"page","link":"https:\/\/www.deutsche-grosswaelzlager.de\/ru\/","title":{"rendered":"<span class=\"caps\">DGWL<\/span> Deutsche Gro\u00dfw\u00e4lzlager GmbH"},"content":{"rendered":"<p>\u041e\u043f\u043e\u0440\u043d\u043e-\u043f\u043e\u0432\u043e\u0440\u043e\u0442\u043d\u044b\u0435 \u0443\u0441\u0442\u0440\u043e\u0439\u0441\u0442\u0432\u0430 (<span class=\"caps\">\u041e\u041f\u0423<\/span>) \u0434\u043e 6000 \u043c\u043c \u0412\u043d\u0443\u0442\u0440\u0435\u043d\u043d\u0435\u0435 \u0438 \u0432\u043d\u0435\u0448\u043d\u0435\u0435 \u0437\u0443\u0431\u0447\u0430\u0442\u043e\u0435 \u0437\u0430\u0446\u0435\u043f\u00ad\u043b\u0435\u043d\u0438\u0435 \u0418\u043d\u0434\u0443\u043a\u00ad\u0442\u0438\u0432\u043d\u0430\u044f \u0437\u0430\u043a\u0430\u043b\u043a\u0430 \u043f\u043e\u0432\u0435\u0440\u0445\u00ad\u043d\u043e\u0441\u0442\u0435\u0439 \/ \u0422\u043e\u043a\u0430\u0440\u043d\u0430\u044f \u0438 \u0444\u0440\u0435\u0437\u0435\u0440\u043d\u0430\u044f \u043e\u0431\u0440\u0430\u0431\u043e\u0442\u043a\u0430 \/ \u0417\u0443\u0431\u043e\u043d\u0430\u00ad\u0440\u0435\u0437\u043a\u0430 \/ \u0421\u0432\u0435\u0440\u043b\u0435\u043d\u0438\u0435 \/ \u0428\u043b\u0438\u0444\u043e\u0432\u043a\u0430 \u0412\u044b\u0435\u0437\u0434\u043d\u044b\u0435 \u043e\u0431\u0441\u043b\u0435\u00ad\u0434\u043e\u00ad\u0432\u0430\u043d\u0438\u044f \/ \u043c\u043e\u0434\u0435\u0440\u00ad\u043d\u0438\u00ad\u0437\u0430\u0446\u0438\u044f \u043e\u0431\u043e\u0440\u0443\u00ad\u0434\u043e\u00ad\u0432\u0430\u043d\u0438\u044f \/ \u0440\u0435\u043c\u043e\u043d\u0442 \u0438 \u043f\u0443\u0441\u043a\u043e-\u043d\u0430\u043b\u0430\u0434\u043e\u0447\u043d\u044b\u0435 \u0440\u0430 <a href=\"https:\/\/www.deutsche-grosswaelzlager.de\/ru\/\" title=\"Read more on <span class=&quot;caps&quot;>DGWL<\/span> Deutsche Gro\u00dfw\u00e4lzlager GmbH\" class=\"more-link\">read more<\/a><\/p>\n","protected":false},"excerpt":{"rendered":"<p>\u041e\u043f\u043e\u0440\u043d\u043e-\u043f\u043e\u0432\u043e\u0440\u043e\u0442\u043d\u044b\u0435 \u0443\u0441\u0442\u0440\u043e\u0439\u0441\u0442\u0432\u0430 (<span class=\"caps\">\u041e\u041f\u0423<\/span>) \u0434\u043e 6000 \u043c\u043c \u0412\u043d\u0443\u0442\u0440\u0435\u043d\u043d\u0435\u0435 \u0438 \u0432\u043d\u0435\u0448\u043d\u0435\u0435 \u0437\u0443\u0431\u0447\u0430\u0442\u043e\u0435 \u0437\u0430\u0446\u0435\u043f\u00ad\u043b\u0435\u043d\u0438\u0435 \u0418\u043d\u0434\u0443\u043a\u00ad\u0442\u0438\u0432\u043d\u0430\u044f \u0437\u0430\u043a\u0430\u043b\u043a\u0430 \u043f\u043e\u0432\u0435\u0440\u0445\u00ad\u043d\u043e\u0441\u0442\u0435\u0439 \/ \u0422\u043e\u043a\u0430\u0440\u043d\u0430\u044f \u0438 \u0444\u0440\u0435\u0437\u0435\u0440\u043d\u0430\u044f \u043e\u0431\u0440\u0430\u0431\u043e\u0442\u043a\u0430 \/ \u0417\u0443\u0431\u043e\u043d\u0430\u00ad\u0440\u0435\u0437\u043a\u0430 \/ \u0421\u0432\u0435\u0440\u043b\u0435\u043d\u0438\u0435 \/ \u0428\u043b\u0438\u0444\u043e\u0432\u043a\u0430 \u0412\u044b\u0435\u0437\u0434\u043d\u044b\u0435 \u043e\u0431\u0441\u043b\u0435\u00ad\u0434\u043e\u00ad\u0432\u0430\u043d\u0438\u044f \/ \u043c\u043e\u0434\u0435\u0440\u00ad\u043d\u0438\u00ad\u0437\u0430\u0446\u0438\u044f \u043e\u0431\u043e\u0440\u0443\u00ad\u0434\u043e\u00ad\u0432\u0430\u043d\u0438\u044f \/ \u0440\u0435\u043c\u043e\u043d\u0442 \u0438 \u043f\u0443\u0441\u043a\u043e-\u043d\u0430\u043b\u0430\u0434\u043e\u0447\u043d\u044b\u0435 \u0440\u0430 read&nbsp;more<\/p>\n","protected":false},"author":1,"featured_media":4095,"parent":0,"menu_order":2,"comment_status":"closed","ping_status":"closed","template":"","meta":{"wp_typography_post_enhancements_disabled":false,"footnotes":""},"class_list":["post-65","page","type-page","status-publish","has-post-thumbnail","hentry","has-thumb"],"yoast_head":"<!-- This site is optimized with the Yoast SEO plugin v27.2 - https:\/\/yoast.com\/product\/yoast-seo-wordpress\/ -->\n<title>DGWL \u2013 \u043e\u043f\u043e\u0440\u043d\u043e-\u043f\u043e\u0432\u043e\u0440\u043e\u0442\u043d\u044b\u0435 \u0443\u0441\u0442\u0440\u043e\u0439\u0441\u0442\u0432\u0430 (\u041e\u041f\u0423), \u043c\u0435\u0445\u0430\u043d\u0438\u0447\u0435\u0441\u043a\u0430\u044f \u0438 \u0442\u0435\u0440\u043c\u0438\u0447\u0435\u0441\u043a\u0430\u044f \u043e\u0431\u0440\u0430\u0431\u043e\u0442\u043a\u0430<\/title>\n<meta name=\"description\" content=\"Deutsche Gro\u00dfw\u00e4lzlager GmbH (DGWL) \u044f\u0432\u043b\u044f\u0435\u0442\u0441\u044f \u043f\u0440\u043e\u0438\u0437\u0432\u043e\u0434\u0438\u0442\u0435\u043b\u0435\u043c \u0437\u0443\u0431\u0447\u0430\u0442\u044b\u0445 \u043a\u043e\u043b\u0435\u0441, \u0440\u043e\u043b\u0438\u043a\u043e\u0432 \u0438 \u043e\u043f\u043e\u0440\u043d\u043e-\u043f\u043e\u0432\u043e\u0440\u043e\u0442\u043d\u044b\u0445 \u0443\u0441\u0442\u0440\u043e\u0439\u0441\u0442\u0432 \u0438 \u043f\u0440\u0435\u0434\u043b\u0430\u0433\u0430\u0435\u0442 \u043f\u043e\u043b\u043d\u044b\u0439 \u0441\u043f\u0435\u043a\u0442\u0440 \u0443\u0441\u043b\u0443\u0433 \u0432 \u0434\u043e\u043f\u043e\u043b\u043d\u0435\u043d\u0438\u0435 \u043a \u043a\u043e\u043d\u0442\u0440\u0430\u043a\u0442\u043d\u044b\u043c \u0440\u0430\u0431\u043e\u0442\u0430\u043c.\" \/>\n<meta name=\"robots\" content=\"index, follow, max-snippet:-1, max-image-preview:large, max-video-preview:-1\" \/>\n<link rel=\"canonical\" href=\"https:\/\/www.deutsche-grosswaelzlager.de\/ru\/\" \/>\n<meta property=\"og:locale\" content=\"ru_RU\" \/>\n<meta property=\"og:locale:alternate\" content=\"de_DE\" \/>\n<meta property=\"og:locale:alternate\" content=\"en_US\" \/>\n<meta property=\"og:type\" content=\"article\" \/>\n<meta property=\"og:title\" content=\"DGWL \u2013 \u043e\u043f\u043e\u0440\u043d\u043e-\u043f\u043e\u0432\u043e\u0440\u043e\u0442\u043d\u044b\u0435 \u0443\u0441\u0442\u0440\u043e\u0439\u0441\u0442\u0432\u0430 (\u041e\u041f\u0423), \u043c\u0435\u0445\u0430\u043d\u0438\u0447\u0435\u0441\u043a\u0430\u044f \u0438 \u0442\u0435\u0440\u043c\u0438\u0447\u0435\u0441\u043a\u0430\u044f \u043e\u0431\u0440\u0430\u0431\u043e\u0442\u043a\u0430\" \/>\n<meta property=\"og:description\" content=\"Deutsche Gro\u00dfw\u00e4lzlager GmbH (DGWL) \u044f\u0432\u043b\u044f\u0435\u0442\u0441\u044f \u043f\u0440\u043e\u0438\u0437\u0432\u043e\u0434\u0438\u0442\u0435\u043b\u0435\u043c \u0437\u0443\u0431\u0447\u0430\u0442\u044b\u0445 \u043a\u043e\u043b\u0435\u0441, \u0440\u043e\u043b\u0438\u043a\u043e\u0432 \u0438 \u043e\u043f\u043e\u0440\u043d\u043e-\u043f\u043e\u0432\u043e\u0440\u043e\u0442\u043d\u044b\u0445 \u0443\u0441\u0442\u0440\u043e\u0439\u0441\u0442\u0432 \u0438 \u043f\u0440\u0435\u0434\u043b\u0430\u0433\u0430\u0435\u0442 \u043f\u043e\u043b\u043d\u044b\u0439 \u0441\u043f\u0435\u043a\u0442\u0440 \u0443\u0441\u043b\u0443\u0433 \u0432 \u0434\u043e\u043f\u043e\u043b\u043d\u0435\u043d\u0438\u0435 \u043a \u043a\u043e\u043d\u0442\u0440\u0430\u043a\u0442\u043d\u044b\u043c \u0440\u0430\u0431\u043e\u0442\u0430\u043c.\" \/>\n<meta property=\"og:url\" content=\"https:\/\/www.deutsche-grosswaelzlager.de\/ru\/\" \/>\n<meta property=\"og:site_name\" content=\"DGWL\" \/>\n<meta property=\"article:modified_time\" content=\"2024-11-22T14:26:31+00:00\" \/>\n<meta property=\"og:image\" content=\"https:\/\/www.deutsche-grosswaelzlager.de\/wp-content\/uploads\/2020\/01\/DGWL-Ihr-Partner-WEB.jpg\" \/>\n\t<meta property=\"og:image:width\" content=\"800\" \/>\n\t<meta property=\"og:image:height\" content=\"600\" \/>\n\t<meta property=\"og:image:type\" content=\"image\/jpeg\" \/>\n<meta name=\"twitter:card\" content=\"summary_large_image\" \/>\n<meta name=\"twitter:label1\" content=\"\u041f\u0440\u0438\u043c\u0435\u0440\u043d\u043e\u0435 \u0432\u0440\u0435\u043c\u044f \u0434\u043b\u044f \u0447\u0442\u0435\u043d\u0438\u044f\" \/>\n\t<meta name=\"twitter:data1\" content=\"9 \u043c\u0438\u043d\u0443\u0442\" \/>\n<script type=\"application\/ld+json\" class=\"yoast-schema-graph\">{\"@context\":\"https:\/\/schema.org\",\"@graph\":[{\"@type\":\"WebPage\",\"@id\":\"https:\/\/www.deutsche-grosswaelzlager.de\/de\/\",\"url\":\"https:\/\/www.deutsche-grosswaelzlager.de\/de\/\",\"name\":\"DGWL \u2013 \u043e\u043f\u043e\u0440\u043d\u043e-\u043f\u043e\u0432\u043e\u0440\u043e\u0442\u043d\u044b\u0435 \u0443\u0441\u0442\u0440\u043e\u0439\u0441\u0442\u0432\u0430 (\u041e\u041f\u0423), \u043c\u0435\u0445\u0430\u043d\u0438\u0447\u0435\u0441\u043a\u0430\u044f \u0438 \u0442\u0435\u0440\u043c\u0438\u0447\u0435\u0441\u043a\u0430\u044f \u043e\u0431\u0440\u0430\u0431\u043e\u0442\u043a\u0430\",\"isPartOf\":{\"@id\":\"https:\/\/www.deutsche-grosswaelzlager.de\/de\/#website\"},\"primaryImageOfPage\":{\"@id\":\"https:\/\/www.deutsche-grosswaelzlager.de\/de\/#primaryimage\"},\"image\":{\"@id\":\"https:\/\/www.deutsche-grosswaelzlager.de\/de\/#primaryimage\"},\"thumbnailUrl\":\"https:\/\/www.deutsche-grosswaelzlager.de\/wp-content\/uploads\/2020\/01\/DGWL-Ihr-Partner-WEB.jpg\",\"datePublished\":\"2016-04-11T08:25:29+00:00\",\"dateModified\":\"2024-11-22T14:26:31+00:00\",\"description\":\"Deutsche Gro\u00dfw\u00e4lzlager GmbH (DGWL) \u044f\u0432\u043b\u044f\u0435\u0442\u0441\u044f \u043f\u0440\u043e\u0438\u0437\u0432\u043e\u0434\u0438\u0442\u0435\u043b\u0435\u043c \u0437\u0443\u0431\u0447\u0430\u0442\u044b\u0445 \u043a\u043e\u043b\u0435\u0441, \u0440\u043e\u043b\u0438\u043a\u043e\u0432 \u0438 \u043e\u043f\u043e\u0440\u043d\u043e-\u043f\u043e\u0432\u043e\u0440\u043e\u0442\u043d\u044b\u0445 \u0443\u0441\u0442\u0440\u043e\u0439\u0441\u0442\u0432 \u0438 \u043f\u0440\u0435\u0434\u043b\u0430\u0433\u0430\u0435\u0442 \u043f\u043e\u043b\u043d\u044b\u0439 \u0441\u043f\u0435\u043a\u0442\u0440 \u0443\u0441\u043b\u0443\u0433 \u0432 \u0434\u043e\u043f\u043e\u043b\u043d\u0435\u043d\u0438\u0435 \u043a \u043a\u043e\u043d\u0442\u0440\u0430\u043a\u0442\u043d\u044b\u043c \u0440\u0430\u0431\u043e\u0442\u0430\u043c.\",\"breadcrumb\":{\"@id\":\"https:\/\/www.deutsche-grosswaelzlager.de\/de\/#breadcrumb\"},\"inLanguage\":\"ru-RU\",\"potentialAction\":[{\"@type\":\"ReadAction\",\"target\":[\"https:\/\/www.deutsche-grosswaelzlager.de\/de\/\"]}]},{\"@type\":\"ImageObject\",\"inLanguage\":\"ru-RU\",\"@id\":\"https:\/\/www.deutsche-grosswaelzlager.de\/de\/#primaryimage\",\"url\":\"https:\/\/www.deutsche-grosswaelzlager.de\/wp-content\/uploads\/2020\/01\/DGWL-Ihr-Partner-WEB.jpg\",\"contentUrl\":\"https:\/\/www.deutsche-grosswaelzlager.de\/wp-content\/uploads\/2020\/01\/DGWL-Ihr-Partner-WEB.jpg\",\"width\":800,\"height\":600,\"caption\":\"DGWL - \u0412\u0430\u0448 \u043f\u0430\u0440\u0442\u043d\u0435\u0440 \u0434\u043b\u044f \u0440\u0430\u0431\u043e\u0442\u044b \u0441 \u0440\u043e\u043b\u0438\u043a\u0430\u043c\u0438 \u0438 \u043f\u043e\u0432\u043e\u0440\u043e\u0442\u043d\u044b\u043c\u0438 \u043a\u043e\u043b\u044c\u0446\u0430\u043c\u0438, \u0437\u0432\u0435\u0437\u0434\u043e\u0447\u043a\u0430\u043c\u0438 \u0438 \u043f\u043e \u043a\u043e\u043d\u0442\u0440\u0430\u043a\u0442\u0430\u043c\"},{\"@type\":\"BreadcrumbList\",\"@id\":\"https:\/\/www.deutsche-grosswaelzlager.de\/de\/#breadcrumb\",\"itemListElement\":[{\"@type\":\"ListItem\",\"position\":1,\"name\":\"Startseite\",\"item\":\"https:\/\/www.deutsche-grosswaelzlager.de\/de\/\"},{\"@type\":\"ListItem\",\"position\":2,\"name\":\"DGWL Deutsche Gro\u00dfw\u00e4lzlager GmbH\"}]},{\"@type\":\"WebSite\",\"@id\":\"https:\/\/www.deutsche-grosswaelzlager.de\/de\/#website\",\"url\":\"https:\/\/www.deutsche-grosswaelzlager.de\/de\/\",\"name\":\"DGWL\",\"description\":\"\u0423\u043f\u043e\u0440 \u043d\u0430 \u0432\u0440\u0430\u0449\u0435\u043d\u0438\u0435!\",\"publisher\":{\"@id\":\"https:\/\/www.deutsche-grosswaelzlager.de\/de\/#organization\"},\"potentialAction\":[{\"@type\":\"SearchAction\",\"target\":{\"@type\":\"EntryPoint\",\"urlTemplate\":\"https:\/\/www.deutsche-grosswaelzlager.de\/de\/?s={search_term_string}\"},\"query-input\":{\"@type\":\"PropertyValueSpecification\",\"valueRequired\":true,\"valueName\":\"search_term_string\"}}],\"inLanguage\":\"ru-RU\"},{\"@type\":\"Organization\",\"@id\":\"https:\/\/www.deutsche-grosswaelzlager.de\/de\/#organization\",\"name\":\"Deutsche Gro\u00dfw\u00e4lzlager GmbH\",\"url\":\"https:\/\/www.deutsche-grosswaelzlager.de\/de\/\",\"logo\":{\"@type\":\"ImageObject\",\"inLanguage\":\"ru-RU\",\"@id\":\"https:\/\/www.deutsche-grosswaelzlager.de\/de\/#\/schema\/logo\/image\/\",\"url\":\"https:\/\/www.deutsche-grosswaelzlager.de\/wp-content\/uploads\/2018\/01\/LOGO-DGW-0414-transparent.png\",\"contentUrl\":\"https:\/\/www.deutsche-grosswaelzlager.de\/wp-content\/uploads\/2018\/01\/LOGO-DGW-0414-transparent.png\",\"width\":200,\"height\":69,\"caption\":\"Deutsche Gro\u00dfw\u00e4lzlager GmbH\"},\"image\":{\"@id\":\"https:\/\/www.deutsche-grosswaelzlager.de\/de\/#\/schema\/logo\/image\/\"}}]}<\/script>\n<!-- \/ Yoast SEO plugin. -->","yoast_head_json":{"title":"DGWL \u2013 \u043e\u043f\u043e\u0440\u043d\u043e-\u043f\u043e\u0432\u043e\u0440\u043e\u0442\u043d\u044b\u0435 \u0443\u0441\u0442\u0440\u043e\u0439\u0441\u0442\u0432\u0430 (\u041e\u041f\u0423), \u043c\u0435\u0445\u0430\u043d\u0438\u0447\u0435\u0441\u043a\u0430\u044f \u0438 \u0442\u0435\u0440\u043c\u0438\u0447\u0435\u0441\u043a\u0430\u044f \u043e\u0431\u0440\u0430\u0431\u043e\u0442\u043a\u0430","description":"Deutsche Gro\u00dfw\u00e4lzlager GmbH (DGWL) \u044f\u0432\u043b\u044f\u0435\u0442\u0441\u044f \u043f\u0440\u043e\u0438\u0437\u0432\u043e\u0434\u0438\u0442\u0435\u043b\u0435\u043c \u0437\u0443\u0431\u0447\u0430\u0442\u044b\u0445 \u043a\u043e\u043b\u0435\u0441, \u0440\u043e\u043b\u0438\u043a\u043e\u0432 \u0438 \u043e\u043f\u043e\u0440\u043d\u043e-\u043f\u043e\u0432\u043e\u0440\u043e\u0442\u043d\u044b\u0445 \u0443\u0441\u0442\u0440\u043e\u0439\u0441\u0442\u0432 \u0438 \u043f\u0440\u0435\u0434\u043b\u0430\u0433\u0430\u0435\u0442 \u043f\u043e\u043b\u043d\u044b\u0439 \u0441\u043f\u0435\u043a\u0442\u0440 \u0443\u0441\u043b\u0443\u0433 \u0432 \u0434\u043e\u043f\u043e\u043b\u043d\u0435\u043d\u0438\u0435 \u043a \u043a\u043e\u043d\u0442\u0440\u0430\u043a\u0442\u043d\u044b\u043c \u0440\u0430\u0431\u043e\u0442\u0430\u043c.","robots":{"index":"index","follow":"follow","max-snippet":"max-snippet:-1","max-image-preview":"max-image-preview:large","max-video-preview":"max-video-preview:-1"},"canonical":"https:\/\/www.deutsche-grosswaelzlager.de\/ru\/","og_locale":"ru_RU","og_type":"article","og_title":"[:de]DGWL - Rollen- und Drehverbindungen, Zahnkr\u00e4nzen und Lohnleistungen[:en]DGWL - Roller, slewing rings, crown gears and machining services[:ru]DGWL \u2013 \u043e\u043f\u043e\u0440\u043d\u043e-\u043f\u043e\u0432\u043e\u0440\u043e\u0442\u043d\u044b\u0435 \u0443\u0441\u0442\u0440\u043e\u0439\u0441\u0442\u0432\u0430 (\u041e\u041f\u0423), \u043c\u0435\u0445\u0430\u043d\u0438\u0447\u0435\u0441\u043a\u0430\u044f \u0438 \u0442\u0435\u0440\u043c\u0438\u0447\u0435\u0441\u043a\u0430\u044f \u043e\u0431\u0440\u0430\u0431\u043e\u0442\u043a\u0430[:]","og_description":"[:de]Die Deutsche Gro\u00dfw\u00e4lzlager GmbH ist Hersteller von Zahnkr\u00e4nzen, Rollen- und Drehverbindungen mit Vor-Ort- und Instandsetzungs-Service.[:en]Deutsche Gro\u00dfw\u00e4lzlager GmbH (DGWL) is a manufacturer of gear rims, roller and slewing rings and offers a complete service in addition to contract work.[:ru]Deutsche Gro\u00dfw\u00e4lzlager GmbH (DGWL) \u044f\u0432\u043b\u044f\u0435\u0442\u0441\u044f \u043f\u0440\u043e\u0438\u0437\u0432\u043e\u0434\u0438\u0442\u0435\u043b\u0435\u043c \u0437\u0443\u0431\u0447\u0430\u0442\u044b\u0445 \u043a\u043e\u043b\u0435\u0441, \u0440\u043e\u043b\u0438\u043a\u043e\u0432 \u0438 \u043e\u043f\u043e\u0440\u043d\u043e-\u043f\u043e\u0432\u043e\u0440\u043e\u0442\u043d\u044b\u0445 \u0443\u0441\u0442\u0440\u043e\u0439\u0441\u0442\u0432 \u0438 \u043f\u0440\u0435\u0434\u043b\u0430\u0433\u0430\u0435\u0442 \u043f\u043e\u043b\u043d\u044b\u0439 \u0441\u043f\u0435\u043a\u0442\u0440 \u0443\u0441\u043b\u0443\u0433 \u0432 \u0434\u043e\u043f\u043e\u043b\u043d\u0435\u043d\u0438\u0435 \u043a \u043a\u043e\u043d\u0442\u0440\u0430\u043a\u0442\u043d\u044b\u043c \u0440\u0430\u0431\u043e\u0442\u0430\u043c.[:]","og_url":"https:\/\/www.deutsche-grosswaelzlager.de\/ru\/","og_site_name":"DGWL","article_modified_time":"2024-11-22T14:26:31+00:00","og_image":[{"width":800,"height":600,"url":"https:\/\/www.deutsche-grosswaelzlager.de\/wp-content\/uploads\/2020\/01\/DGWL-Ihr-Partner-WEB.jpg","type":"image\/jpeg"}],"twitter_card":"summary_large_image","twitter_misc":{"\u041f\u0440\u0438\u043c\u0435\u0440\u043d\u043e\u0435 \u0432\u0440\u0435\u043c\u044f \u0434\u043b\u044f \u0447\u0442\u0435\u043d\u0438\u044f":"9 \u043c\u0438\u043d\u0443\u0442"},"schema":{"@context":"https:\/\/schema.org","@graph":[{"@type":"WebPage","@id":"https:\/\/www.deutsche-grosswaelzlager.de\/de\/","url":"https:\/\/www.deutsche-grosswaelzlager.de\/de\/","name":"DGWL \u2013 \u043e\u043f\u043e\u0440\u043d\u043e-\u043f\u043e\u0432\u043e\u0440\u043e\u0442\u043d\u044b\u0435 \u0443\u0441\u0442\u0440\u043e\u0439\u0441\u0442\u0432\u0430 (\u041e\u041f\u0423), \u043c\u0435\u0445\u0430\u043d\u0438\u0447\u0435\u0441\u043a\u0430\u044f \u0438 \u0442\u0435\u0440\u043c\u0438\u0447\u0435\u0441\u043a\u0430\u044f \u043e\u0431\u0440\u0430\u0431\u043e\u0442\u043a\u0430","isPartOf":{"@id":"https:\/\/www.deutsche-grosswaelzlager.de\/de\/#website"},"primaryImageOfPage":{"@id":"https:\/\/www.deutsche-grosswaelzlager.de\/de\/#primaryimage"},"image":{"@id":"https:\/\/www.deutsche-grosswaelzlager.de\/de\/#primaryimage"},"thumbnailUrl":"https:\/\/www.deutsche-grosswaelzlager.de\/wp-content\/uploads\/2020\/01\/DGWL-Ihr-Partner-WEB.jpg","datePublished":"2016-04-11T08:25:29+00:00","dateModified":"2024-11-22T14:26:31+00:00","description":"Deutsche Gro\u00dfw\u00e4lzlager GmbH (DGWL) \u044f\u0432\u043b\u044f\u0435\u0442\u0441\u044f \u043f\u0440\u043e\u0438\u0437\u0432\u043e\u0434\u0438\u0442\u0435\u043b\u0435\u043c \u0437\u0443\u0431\u0447\u0430\u0442\u044b\u0445 \u043a\u043e\u043b\u0435\u0441, \u0440\u043e\u043b\u0438\u043a\u043e\u0432 \u0438 \u043e\u043f\u043e\u0440\u043d\u043e-\u043f\u043e\u0432\u043e\u0440\u043e\u0442\u043d\u044b\u0445 \u0443\u0441\u0442\u0440\u043e\u0439\u0441\u0442\u0432 \u0438 \u043f\u0440\u0435\u0434\u043b\u0430\u0433\u0430\u0435\u0442 \u043f\u043e\u043b\u043d\u044b\u0439 \u0441\u043f\u0435\u043a\u0442\u0440 \u0443\u0441\u043b\u0443\u0433 \u0432 \u0434\u043e\u043f\u043e\u043b\u043d\u0435\u043d\u0438\u0435 \u043a \u043a\u043e\u043d\u0442\u0440\u0430\u043a\u0442\u043d\u044b\u043c \u0440\u0430\u0431\u043e\u0442\u0430\u043c.","breadcrumb":{"@id":"https:\/\/www.deutsche-grosswaelzlager.de\/de\/#breadcrumb"},"inLanguage":"ru-RU","potentialAction":[{"@type":"ReadAction","target":["https:\/\/www.deutsche-grosswaelzlager.de\/de\/"]}]},{"@type":"ImageObject","inLanguage":"ru-RU","@id":"https:\/\/www.deutsche-grosswaelzlager.de\/de\/#primaryimage","url":"https:\/\/www.deutsche-grosswaelzlager.de\/wp-content\/uploads\/2020\/01\/DGWL-Ihr-Partner-WEB.jpg","contentUrl":"https:\/\/www.deutsche-grosswaelzlager.de\/wp-content\/uploads\/2020\/01\/DGWL-Ihr-Partner-WEB.jpg","width":800,"height":600,"caption":"DGWL - \u0412\u0430\u0448 \u043f\u0430\u0440\u0442\u043d\u0435\u0440 \u0434\u043b\u044f \u0440\u0430\u0431\u043e\u0442\u044b \u0441 \u0440\u043e\u043b\u0438\u043a\u0430\u043c\u0438 \u0438 \u043f\u043e\u0432\u043e\u0440\u043e\u0442\u043d\u044b\u043c\u0438 \u043a\u043e\u043b\u044c\u0446\u0430\u043c\u0438, \u0437\u0432\u0435\u0437\u0434\u043e\u0447\u043a\u0430\u043c\u0438 \u0438 \u043f\u043e \u043a\u043e\u043d\u0442\u0440\u0430\u043a\u0442\u0430\u043c"},{"@type":"BreadcrumbList","@id":"https:\/\/www.deutsche-grosswaelzlager.de\/de\/#breadcrumb","itemListElement":[{"@type":"ListItem","position":1,"name":"Startseite","item":"https:\/\/www.deutsche-grosswaelzlager.de\/de\/"},{"@type":"ListItem","position":2,"name":"DGWL Deutsche Gro\u00dfw\u00e4lzlager GmbH"}]},{"@type":"WebSite","@id":"https:\/\/www.deutsche-grosswaelzlager.de\/de\/#website","url":"https:\/\/www.deutsche-grosswaelzlager.de\/de\/","name":"DGWL","description":"\u0423\u043f\u043e\u0440 \u043d\u0430 \u0432\u0440\u0430\u0449\u0435\u043d\u0438\u0435!","publisher":{"@id":"https:\/\/www.deutsche-grosswaelzlager.de\/de\/#organization"},"potentialAction":[{"@type":"SearchAction","target":{"@type":"EntryPoint","urlTemplate":"https:\/\/www.deutsche-grosswaelzlager.de\/de\/?s={search_term_string}"},"query-input":{"@type":"PropertyValueSpecification","valueRequired":true,"valueName":"search_term_string"}}],"inLanguage":"ru-RU"},{"@type":"Organization","@id":"https:\/\/www.deutsche-grosswaelzlager.de\/de\/#organization","name":"Deutsche Gro\u00dfw\u00e4lzlager GmbH","url":"https:\/\/www.deutsche-grosswaelzlager.de\/de\/","logo":{"@type":"ImageObject","inLanguage":"ru-RU","@id":"https:\/\/www.deutsche-grosswaelzlager.de\/de\/#\/schema\/logo\/image\/","url":"https:\/\/www.deutsche-grosswaelzlager.de\/wp-content\/uploads\/2018\/01\/LOGO-DGW-0414-transparent.png","contentUrl":"https:\/\/www.deutsche-grosswaelzlager.de\/wp-content\/uploads\/2018\/01\/LOGO-DGW-0414-transparent.png","width":200,"height":69,"caption":"Deutsche Gro\u00dfw\u00e4lzlager GmbH"},"image":{"@id":"https:\/\/www.deutsche-grosswaelzlager.de\/de\/#\/schema\/logo\/image\/"}}]}},"_links":{"self":[{"href":"https:\/\/www.deutsche-grosswaelzlager.de\/ru\/wp-json\/wp\/v2\/pages\/65","targetHints":{"allow":["GET"]}}],"collection":[{"href":"https:\/\/www.deutsche-grosswaelzlager.de\/ru\/wp-json\/wp\/v2\/pages"}],"about":[{"href":"https:\/\/www.deutsche-grosswaelzlager.de\/ru\/wp-json\/wp\/v2\/types\/page"}],"author":[{"embeddable":true,"href":"https:\/\/www.deutsche-grosswaelzlager.de\/ru\/wp-json\/wp\/v2\/users\/1"}],"replies":[{"embeddable":true,"href":"https:\/\/www.deutsche-grosswaelzlager.de\/ru\/wp-json\/wp\/v2\/comments?post=65"}],"version-history":[{"count":257,"href":"https:\/\/www.deutsche-grosswaelzlager.de\/ru\/wp-json\/wp\/v2\/pages\/65\/revisions"}],"predecessor-version":[{"id":4603,"href":"https:\/\/www.deutsche-grosswaelzlager.de\/ru\/wp-json\/wp\/v2\/pages\/65\/revisions\/4603"}],"wp:featuredmedia":[{"embeddable":true,"href":"https:\/\/www.deutsche-grosswaelzlager.de\/ru\/wp-json\/wp\/v2\/media\/4095"}],"wp:attachment":[{"href":"https:\/\/www.deutsche-grosswaelzlager.de\/ru\/wp-json\/wp\/v2\/media?parent=65"}],"curies":[{"name":"wp","href":"https:\/\/api.w.org\/{rel}","templated":true}]}}